{"id":400901,"date":"2025-04-26T00:27:42","date_gmt":"2025-04-26T00:27:42","guid":{"rendered":"https:\/\/irankiuzona.lt\/product\/reples-lemputem-montuoti\/"},"modified":"2026-04-15T06:33:09","modified_gmt":"2026-04-15T06:33:09","slug":"reples-lemputem-montuoti","status":"publish","type":"product","link":"https:\/\/irankiuzona.lt\/ru\/product\/reples-lemputem-montuoti\/","title":{"rendered":"Repl\u0117s lemput\u0117m montuoti"},"content":{"rendered":"<p>Lengvai \u012fd\u0117ti ir i\u0161imti ma\u017eas lemputes, ar kitus elektroninius komponentus sunkiai pasiekiamose vietose. Guma padengti antgaliai saugiam sukibimui.<\/p>","protected":false},"excerpt":{"rendered":"<p>Repl\u0117s lempu\u010di\u0173 montavimui, guminiais antgaliais<\/p>","protected":false},"featured_media":400903,"comment_status":"open","ping_status":"open","template":"","meta":[],"product_cat":[9539],"product_tag":[11005],"class_list":{"0":"post-400901","1":"product","2":"type-product","3":"status-publish","4":"has-post-thumbnail","6":"product_brand-quatros-lenkija","7":"product_cat-griebtuvai-magnetai-veidrodeliai","8":"product_tag-quatros-lenkija","10":"first","11":"instock","12":"purchasable","13":"product-type-simple"},"jetpack_sharing_enabled":true,"_links":{"self":[{"href":"https:\/\/irankiuzona.lt\/ru\/wp-json\/wp\/v2\/product\/400901","targetHints":{"allow":["GET"]}}],"collection":[{"href":"https:\/\/irankiuzona.lt\/ru\/wp-json\/wp\/v2\/product"}],"about":[{"href":"https:\/\/irankiuzona.lt\/ru\/wp-json\/wp\/v2\/types\/product"}],"replies":[{"embeddable":true,"href":"https:\/\/irankiuzona.lt\/ru\/wp-json\/wp\/v2\/comments?post=400901"}],"version-history":[{"count":1,"href":"https:\/\/irankiuzona.lt\/ru\/wp-json\/wp\/v2\/product\/400901\/revisions"}],"predecessor-version":[{"id":426500,"href":"https:\/\/irankiuzona.lt\/ru\/wp-json\/wp\/v2\/product\/400901\/revisions\/426500"}],"wp:featuredmedia":[{"embeddable":true,"href":"https:\/\/irankiuzona.lt\/ru\/wp-json\/wp\/v2\/media\/400903"}],"wp:attachment":[{"href":"https:\/\/irankiuzona.lt\/ru\/wp-json\/wp\/v2\/media?parent=400901"}],"wp:term":[{"taxonomy":"product_cat","embeddable":true,"href":"https:\/\/irankiuzona.lt\/ru\/wp-json\/wp\/v2\/product_cat?post=400901"},{"taxonomy":"product_tag","embeddable":true,"href":"https:\/\/irankiuzona.lt\/ru\/wp-json\/wp\/v2\/product_tag?post=400901"}],"curies":[{"name":"wp","href":"https:\/\/api.w.org\/{rel}","templated":true}]}}