{"id":400904,"date":"2025-04-26T00:27:44","date_gmt":"2025-04-26T00:27:44","guid":{"rendered":"https:\/\/irankiuzona.lt\/product\/vamzdeliu-lankstymo-irankis-475mm\/"},"modified":"2026-04-14T23:33:33","modified_gmt":"2026-04-14T23:33:33","slug":"vamzdeliu-lankstymo-irankis-475mm","status":"publish","type":"product","link":"https:\/\/irankiuzona.lt\/ru\/product\/vamzdeliu-lankstymo-irankis-475mm\/","title":{"rendered":"Vamzdeli\u0173 lankstymo \u012frankis 4,75mm"},"content":{"rendered":"<p>Tinka stabd\u017ei\u0173 sistemos vamzdeliams (4.75 mm) lankstyti<\/p>","protected":false},"excerpt":{"rendered":"<p>Lankstymo \u012frankis 4.75mm vamzdeliams<\/p>","protected":false},"featured_media":400906,"comment_status":"open","ping_status":"open","template":"","meta":[],"product_cat":[9597],"product_tag":[11005],"class_list":{"0":"post-400904","1":"product","2":"type-product","3":"status-publish","4":"has-post-thumbnail","6":"product_brand-quatros-lenkija","7":"product_cat-vamzdeliu-lankstymui","8":"product_tag-quatros-lenkija","10":"first","11":"instock","12":"purchasable","13":"product-type-simple"},"jetpack_sharing_enabled":true,"_links":{"self":[{"href":"https:\/\/irankiuzona.lt\/ru\/wp-json\/wp\/v2\/product\/400904","targetHints":{"allow":["GET"]}}],"collection":[{"href":"https:\/\/irankiuzona.lt\/ru\/wp-json\/wp\/v2\/product"}],"about":[{"href":"https:\/\/irankiuzona.lt\/ru\/wp-json\/wp\/v2\/types\/product"}],"replies":[{"embeddable":true,"href":"https:\/\/irankiuzona.lt\/ru\/wp-json\/wp\/v2\/comments?post=400904"}],"version-history":[{"count":1,"href":"https:\/\/irankiuzona.lt\/ru\/wp-json\/wp\/v2\/product\/400904\/revisions"}],"predecessor-version":[{"id":426501,"href":"https:\/\/irankiuzona.lt\/ru\/wp-json\/wp\/v2\/product\/400904\/revisions\/426501"}],"wp:featuredmedia":[{"embeddable":true,"href":"https:\/\/irankiuzona.lt\/ru\/wp-json\/wp\/v2\/media\/400906"}],"wp:attachment":[{"href":"https:\/\/irankiuzona.lt\/ru\/wp-json\/wp\/v2\/media?parent=400904"}],"wp:term":[{"taxonomy":"product_cat","embeddable":true,"href":"https:\/\/irankiuzona.lt\/ru\/wp-json\/wp\/v2\/product_cat?post=400904"},{"taxonomy":"product_tag","embeddable":true,"href":"https:\/\/irankiuzona.lt\/ru\/wp-json\/wp\/v2\/product_tag?post=400904"}],"curies":[{"name":"wp","href":"https:\/\/api.w.org\/{rel}","templated":true}]}}