{"id":400958,"date":"2025-04-26T00:28:18","date_gmt":"2025-04-26T00:28:18","guid":{"rendered":"https:\/\/irankiuzona.lt\/product\/variklio-blokavimo-komplektas-ford-1-5l-ecoboost\/"},"modified":"2026-04-21T19:03:30","modified_gmt":"2026-04-21T19:03:30","slug":"variklio-blokavimo-komplektas-ford-1-5l-ecoboost","status":"publish","type":"product","link":"https:\/\/irankiuzona.lt\/ru\/product\/variklio-blokavimo-komplektas-ford-1-5l-ecoboost\/","title":{"rendered":"Variklio blokavimo komplektas FORD 1.5L EcoBoost"},"content":{"rendered":"<p>FORD: Fiesta (18-), Focus (18-), Focus Active (19-), Kuga (19-)Variklio kodas: YZJA, Y2DA, Y1DA, YZDA- Smagra\u010dio fiksavimo \u012frankis OEM 303-1643- Alk\u016bninio veleno laikymo \u012frankis OEM 303-1649- \u012etempiklio kai\u0161tis 2 mm- Alk\u016bninio veleno alyvos sandariklio montavimo \u012frankis OEM 303-1645<\/p>","protected":false},"excerpt":{"rendered":"<p>Variklio fiksavimo \u012franki\u0173 komplektas degimo nustatymui FORD 1,5L EcoBoost benzininiems varikliams.<\/p>","protected":false},"featured_media":400960,"comment_status":"open","ping_status":"closed","template":"","meta":[],"product_cat":[9702],"product_tag":[11005],"class_list":{"0":"post-400958","1":"product","2":"type-product","3":"status-publish","4":"has-post-thumbnail","6":"product_brand-quatros-lenkija","7":"product_cat-ford-volvo-mazda-blokatoriai","8":"product_tag-quatros-lenkija","10":"first","11":"instock","12":"purchasable","13":"product-type-simple"},"jetpack_sharing_enabled":true,"_links":{"self":[{"href":"https:\/\/irankiuzona.lt\/ru\/wp-json\/wp\/v2\/product\/400958","targetHints":{"allow":["GET"]}}],"collection":[{"href":"https:\/\/irankiuzona.lt\/ru\/wp-json\/wp\/v2\/product"}],"about":[{"href":"https:\/\/irankiuzona.lt\/ru\/wp-json\/wp\/v2\/types\/product"}],"replies":[{"embeddable":true,"href":"https:\/\/irankiuzona.lt\/ru\/wp-json\/wp\/v2\/comments?post=400958"}],"version-history":[{"count":1,"href":"https:\/\/irankiuzona.lt\/ru\/wp-json\/wp\/v2\/product\/400958\/revisions"}],"predecessor-version":[{"id":426520,"href":"https:\/\/irankiuzona.lt\/ru\/wp-json\/wp\/v2\/product\/400958\/revisions\/426520"}],"wp:featuredmedia":[{"embeddable":true,"href":"https:\/\/irankiuzona.lt\/ru\/wp-json\/wp\/v2\/media\/400960"}],"wp:attachment":[{"href":"https:\/\/irankiuzona.lt\/ru\/wp-json\/wp\/v2\/media?parent=400958"}],"wp:term":[{"taxonomy":"product_cat","embeddable":true,"href":"https:\/\/irankiuzona.lt\/ru\/wp-json\/wp\/v2\/product_cat?post=400958"},{"taxonomy":"product_tag","embeddable":true,"href":"https:\/\/irankiuzona.lt\/ru\/wp-json\/wp\/v2\/product_tag?post=400958"}],"curies":[{"name":"wp","href":"https:\/\/api.w.org\/{rel}","templated":true}]}}