{"id":400961,"date":"2025-04-26T00:28:19","date_gmt":"2025-04-26T00:28:19","guid":{"rendered":"https:\/\/irankiuzona.lt\/product\/tuscias-deklas-ilgiems-raktams-8-19mm\/"},"modified":"2026-04-21T21:04:50","modified_gmt":"2026-04-21T21:04:50","slug":"tuscias-deklas-ilgiems-raktams-8-19mm","status":"publish","type":"product","link":"https:\/\/irankiuzona.lt\/ru\/product\/tuscias-deklas-ilgiems-raktams-8-19mm\/","title":{"rendered":"Tu\u0161\u010dias d\u0117klas ilgiems raktams (8-19mm)"},"content":{"rendered":"","protected":false},"excerpt":{"rendered":"<p>Tu\u0161\u010dias rakt\u0173 d\u0117klas prailgintiems raktams (8-19mm). Tu\u0161\u010dia rakt\u0173 paklod\u0117.<\/p>","protected":false},"featured_media":400963,"comment_status":"open","ping_status":"open","template":"","meta":[],"product_cat":[9519],"product_tag":[11005],"class_list":{"0":"post-400961","1":"product","2":"type-product","3":"status-publish","4":"has-post-thumbnail","6":"product_brand-quatros-lenkija","7":"product_cat-prailginti-raktai-ju-komplektai","8":"product_tag-quatros-lenkija","10":"first","11":"instock","12":"purchasable","13":"product-type-simple"},"jetpack_sharing_enabled":true,"_links":{"self":[{"href":"https:\/\/irankiuzona.lt\/ru\/wp-json\/wp\/v2\/product\/400961","targetHints":{"allow":["GET"]}}],"collection":[{"href":"https:\/\/irankiuzona.lt\/ru\/wp-json\/wp\/v2\/product"}],"about":[{"href":"https:\/\/irankiuzona.lt\/ru\/wp-json\/wp\/v2\/types\/product"}],"replies":[{"embeddable":true,"href":"https:\/\/irankiuzona.lt\/ru\/wp-json\/wp\/v2\/comments?post=400961"}],"version-history":[{"count":1,"href":"https:\/\/irankiuzona.lt\/ru\/wp-json\/wp\/v2\/product\/400961\/revisions"}],"predecessor-version":[{"id":426540,"href":"https:\/\/irankiuzona.lt\/ru\/wp-json\/wp\/v2\/product\/400961\/revisions\/426540"}],"wp:featuredmedia":[{"embeddable":true,"href":"https:\/\/irankiuzona.lt\/ru\/wp-json\/wp\/v2\/media\/400963"}],"wp:attachment":[{"href":"https:\/\/irankiuzona.lt\/ru\/wp-json\/wp\/v2\/media?parent=400961"}],"wp:term":[{"taxonomy":"product_cat","embeddable":true,"href":"https:\/\/irankiuzona.lt\/ru\/wp-json\/wp\/v2\/product_cat?post=400961"},{"taxonomy":"product_tag","embeddable":true,"href":"https:\/\/irankiuzona.lt\/ru\/wp-json\/wp\/v2\/product_tag?post=400961"}],"curies":[{"name":"wp","href":"https:\/\/api.w.org\/{rel}","templated":true}]}}