{"id":400973,"date":"2025-04-26T00:28:26","date_gmt":"2025-04-26T00:28:26","guid":{"rendered":"https:\/\/irankiuzona.lt\/product\/reples-saules-kolektoriu-jungtims-mc3-mc4-tyco\/"},"modified":"2026-04-22T00:44:43","modified_gmt":"2026-04-22T00:44:43","slug":"reples-saules-kolektoriu-jungtims-mc3-mc4-tyco","status":"publish","type":"product","link":"https:\/\/irankiuzona.lt\/ru\/product\/reples-saules-kolektoriu-jungtims-mc3-mc4-tyco\/","title":{"rendered":"Repl\u0117s saul\u0117s kolektori\u0173 jungtims MC3\/MC4\/Tyco"},"content":{"rendered":"<p>MC3 saul\u0117s kolektori\u0173 jungtims: DIN 2.5 \/ 4 \/ 6 mm\u00b2 (AWG 14 \/ 12 \/ 10)MC4 saul\u0117s kolektori\u0173 jungtims: DIN 2.5 \/ 4 \/ 6 mm\u00b2 (AWG 14 \/ 12 \/ 10)Tyco saul\u0117s kolektori\u0173 jungtims: DIN 1.5 \/ 2.5 \/ 4 \/ 6 mm\u00b2 (AWG 15 &#8211; 10)<\/p>","protected":false},"excerpt":{"rendered":"<p>Repl\u0117s jung\u010di\u0173 u\u017espaudimui MC3\/MC4\/Tyco gofravimo \u017enypl\u0117s. Saul\u0117s moduli\u0173 spec repl\u0117s<\/p>","protected":false},"featured_media":400975,"comment_status":"open","ping_status":"open","template":"","meta":[],"product_cat":[9971],"product_tag":[9845],"class_list":{"0":"post-400973","1":"product","2":"type-product","3":"status-publish","4":"has-post-thumbnail","6":"product_brand-vokietija-germany","7":"product_cat-reples-znyples-uzspaudimui-elektrikui","8":"product_tag-vokietija-germany","10":"first","11":"instock","12":"purchasable","13":"product-type-simple"},"jetpack_sharing_enabled":true,"_links":{"self":[{"href":"https:\/\/irankiuzona.lt\/ru\/wp-json\/wp\/v2\/product\/400973","targetHints":{"allow":["GET"]}}],"collection":[{"href":"https:\/\/irankiuzona.lt\/ru\/wp-json\/wp\/v2\/product"}],"about":[{"href":"https:\/\/irankiuzona.lt\/ru\/wp-json\/wp\/v2\/types\/product"}],"replies":[{"embeddable":true,"href":"https:\/\/irankiuzona.lt\/ru\/wp-json\/wp\/v2\/comments?post=400973"}],"version-history":[{"count":1,"href":"https:\/\/irankiuzona.lt\/ru\/wp-json\/wp\/v2\/product\/400973\/revisions"}],"predecessor-version":[{"id":426543,"href":"https:\/\/irankiuzona.lt\/ru\/wp-json\/wp\/v2\/product\/400973\/revisions\/426543"}],"wp:featuredmedia":[{"embeddable":true,"href":"https:\/\/irankiuzona.lt\/ru\/wp-json\/wp\/v2\/media\/400975"}],"wp:attachment":[{"href":"https:\/\/irankiuzona.lt\/ru\/wp-json\/wp\/v2\/media?parent=400973"}],"wp:term":[{"taxonomy":"product_cat","embeddable":true,"href":"https:\/\/irankiuzona.lt\/ru\/wp-json\/wp\/v2\/product_cat?post=400973"},{"taxonomy":"product_tag","embeddable":true,"href":"https:\/\/irankiuzona.lt\/ru\/wp-json\/wp\/v2\/product_tag?post=400973"}],"curies":[{"name":"wp","href":"https:\/\/api.w.org\/{rel}","templated":true}]}}