{"id":400976,"date":"2025-04-26T00:28:28","date_gmt":"2025-04-26T00:28:28","guid":{"rendered":"https:\/\/irankiuzona.lt\/product\/variklio-blokavimo-komplektas-vag-15tsi\/"},"modified":"2026-04-22T02:14:46","modified_gmt":"2026-04-22T02:14:46","slug":"variklio-blokavimo-komplektas-vag-15tsi","status":"publish","type":"product","link":"https:\/\/irankiuzona.lt\/ru\/product\/variklio-blokavimo-komplektas-vag-15tsi\/","title":{"rendered":"Variklio blokavimo komplektas VAG 1,5TSI"},"content":{"rendered":"<p>Nuo 2017met\u0173 modeliams.EA211, EVO 4-cilindr\u0173 TSi ACT varikliams.Varikli\u0173 kodai:\u00a0DACA, DACB, DADA, DFYA, DHFA, DPBA, DPCA, DPBE<\/p>","protected":false},"excerpt":{"rendered":"<p>Variklio fiksavimo \u012franki\u0173 komplektas degimo nustatymui AUDI, SEAT, SKODA, VOLKSWAGEN, CUPRA 1.5 TSI benzininiems varikliams, nuo 2017met\u0173<\/p>","protected":false},"featured_media":400978,"comment_status":"open","ping_status":"closed","template":"","meta":[],"product_cat":[9543],"product_tag":[9435],"class_list":{"0":"post-400976","1":"product","2":"type-product","3":"status-publish","4":"has-post-thumbnail","6":"product_brand-kinija","7":"product_cat-vag-vw-skoda-blokatoriai","8":"product_tag-kinija","10":"first","11":"instock","12":"purchasable","13":"product-type-simple"},"jetpack_sharing_enabled":true,"_links":{"self":[{"href":"https:\/\/irankiuzona.lt\/ru\/wp-json\/wp\/v2\/product\/400976","targetHints":{"allow":["GET"]}}],"collection":[{"href":"https:\/\/irankiuzona.lt\/ru\/wp-json\/wp\/v2\/product"}],"about":[{"href":"https:\/\/irankiuzona.lt\/ru\/wp-json\/wp\/v2\/types\/product"}],"replies":[{"embeddable":true,"href":"https:\/\/irankiuzona.lt\/ru\/wp-json\/wp\/v2\/comments?post=400976"}],"version-history":[{"count":1,"href":"https:\/\/irankiuzona.lt\/ru\/wp-json\/wp\/v2\/product\/400976\/revisions"}],"predecessor-version":[{"id":426544,"href":"https:\/\/irankiuzona.lt\/ru\/wp-json\/wp\/v2\/product\/400976\/revisions\/426544"}],"wp:featuredmedia":[{"embeddable":true,"href":"https:\/\/irankiuzona.lt\/ru\/wp-json\/wp\/v2\/media\/400978"}],"wp:attachment":[{"href":"https:\/\/irankiuzona.lt\/ru\/wp-json\/wp\/v2\/media?parent=400976"}],"wp:term":[{"taxonomy":"product_cat","embeddable":true,"href":"https:\/\/irankiuzona.lt\/ru\/wp-json\/wp\/v2\/product_cat?post=400976"},{"taxonomy":"product_tag","embeddable":true,"href":"https:\/\/irankiuzona.lt\/ru\/wp-json\/wp\/v2\/product_tag?post=400976"}],"curies":[{"name":"wp","href":"https:\/\/api.w.org\/{rel}","templated":true}]}}