{"id":401071,"date":"2025-04-30T17:35:02","date_gmt":"2025-04-30T17:35:02","guid":{"rendered":"https:\/\/irankiuzona.lt\/product\/vezimelis-su-bortais-sudedamas-90kg\/"},"modified":"2026-04-11T00:13:17","modified_gmt":"2026-04-11T00:13:17","slug":"vezimelis-su-bortais-sudedamas-90kg","status":"publish","type":"product","link":"https:\/\/irankiuzona.lt\/ru\/product\/vezimelis-su-bortais-sudedamas-90kg\/","title":{"rendered":"Ve\u017eim\u0117lis su bortais sudedamas 90kg"},"content":{"rendered":"<p>Sulankstomas transportavimo ve\u017eim\u0117lis, keliamoji galia 90kg, matmenys i\u0161skleidus 90x60x85, sulankstytas 30x60x85, krep\u0161elio matmenys 46x27x85cm. Sulankstoma konstrukcija leid\u017eia sutaupyti sand\u0117liavimui reikalingos vietosKeturi dideli guminiai ratai leid\u017eia lengvai perkelti ve\u017eim\u0117l\u012f nelygiu reljefuPasukami [360\u00b0] priekiniai ratai u\u017etikrina lengv\u0105 ve\u017eim\u0117lio manevravim\u0105Reguliuojama rankena leid\u017eia reguliuoti jos ilg\u012f pagal vartotojo \u016bg\u012fPapildoma galin\u0117 rankena su reguliuojamu pasvirimo kampuMed\u017eiaga: plienas + audinys<\/p>\n","protected":false},"excerpt":{"rendered":"<p>Ve\u017eim\u0117lis su bortais sudedamas 90kg<\/p>","protected":false},"featured_media":401073,"comment_status":"open","ping_status":"open","template":"","meta":[],"product_cat":[9670],"product_tag":[9646],"class_list":{"0":"post-401071","1":"product","2":"type-product","3":"status-publish","4":"has-post-thumbnail","6":"product_brand-drel-lenkija","7":"product_cat-transportavimo-vezimai","8":"product_tag-drel-lenkija","10":"first","11":"instock","12":"purchasable","13":"product-type-simple"},"jetpack_sharing_enabled":true,"_links":{"self":[{"href":"https:\/\/irankiuzona.lt\/ru\/wp-json\/wp\/v2\/product\/401071","targetHints":{"allow":["GET"]}}],"collection":[{"href":"https:\/\/irankiuzona.lt\/ru\/wp-json\/wp\/v2\/product"}],"about":[{"href":"https:\/\/irankiuzona.lt\/ru\/wp-json\/wp\/v2\/types\/product"}],"replies":[{"embeddable":true,"href":"https:\/\/irankiuzona.lt\/ru\/wp-json\/wp\/v2\/comments?post=401071"}],"version-history":[{"count":1,"href":"https:\/\/irankiuzona.lt\/ru\/wp-json\/wp\/v2\/product\/401071\/revisions"}],"predecessor-version":[{"id":426259,"href":"https:\/\/irankiuzona.lt\/ru\/wp-json\/wp\/v2\/product\/401071\/revisions\/426259"}],"wp:featuredmedia":[{"embeddable":true,"href":"https:\/\/irankiuzona.lt\/ru\/wp-json\/wp\/v2\/media\/401073"}],"wp:attachment":[{"href":"https:\/\/irankiuzona.lt\/ru\/wp-json\/wp\/v2\/media?parent=401071"}],"wp:term":[{"taxonomy":"product_cat","embeddable":true,"href":"https:\/\/irankiuzona.lt\/ru\/wp-json\/wp\/v2\/product_cat?post=401071"},{"taxonomy":"product_tag","embeddable":true,"href":"https:\/\/irankiuzona.lt\/ru\/wp-json\/wp\/v2\/product_tag?post=401071"}],"curies":[{"name":"wp","href":"https:\/\/api.w.org\/{rel}","templated":true}]}}