{"id":401077,"date":"2025-04-30T17:35:19","date_gmt":"2025-04-30T17:35:19","guid":{"rendered":"https:\/\/irankiuzona.lt\/product\/dezute-kampams-313x135x120mm\/"},"modified":"2026-05-09T13:44:29","modified_gmt":"2026-05-09T13:44:29","slug":"dezute-kampams-313x135x120mm","status":"publish","type":"product","link":"https:\/\/irankiuzona.lt\/ru\/product\/dezute-kampams-313x135x120mm\/","title":{"rendered":"D\u0117\u017eut\u0117 kampams 313x135x120mm"},"content":{"rendered":"<p>313x135x120mm<\/p>","protected":false},"excerpt":{"rendered":"<p>D\u0117\u017eut\u0117 kampams 313x135x120mm<\/p>","protected":false},"featured_media":401079,"comment_status":"open","ping_status":"open","template":"","meta":[],"product_cat":[9771],"product_tag":[10162],"class_list":{"0":"post-401077","1":"product","2":"type-product","3":"status-publish","4":"has-post-thumbnail","6":"product_brand-waart-lenkija","7":"product_cat-pjuklu-dezutes-kampams","8":"product_tag-waart-lenkija","10":"first","11":"instock","12":"purchasable","13":"product-type-simple"},"jetpack_sharing_enabled":true,"_links":{"self":[{"href":"https:\/\/irankiuzona.lt\/ru\/wp-json\/wp\/v2\/product\/401077","targetHints":{"allow":["GET"]}}],"collection":[{"href":"https:\/\/irankiuzona.lt\/ru\/wp-json\/wp\/v2\/product"}],"about":[{"href":"https:\/\/irankiuzona.lt\/ru\/wp-json\/wp\/v2\/types\/product"}],"replies":[{"embeddable":true,"href":"https:\/\/irankiuzona.lt\/ru\/wp-json\/wp\/v2\/comments?post=401077"}],"version-history":[{"count":1,"href":"https:\/\/irankiuzona.lt\/ru\/wp-json\/wp\/v2\/product\/401077\/revisions"}],"predecessor-version":[{"id":426272,"href":"https:\/\/irankiuzona.lt\/ru\/wp-json\/wp\/v2\/product\/401077\/revisions\/426272"}],"wp:featuredmedia":[{"embeddable":true,"href":"https:\/\/irankiuzona.lt\/ru\/wp-json\/wp\/v2\/media\/401079"}],"wp:attachment":[{"href":"https:\/\/irankiuzona.lt\/ru\/wp-json\/wp\/v2\/media?parent=401077"}],"wp:term":[{"taxonomy":"product_cat","embeddable":true,"href":"https:\/\/irankiuzona.lt\/ru\/wp-json\/wp\/v2\/product_cat?post=401077"},{"taxonomy":"product_tag","embeddable":true,"href":"https:\/\/irankiuzona.lt\/ru\/wp-json\/wp\/v2\/product_tag?post=401077"}],"curies":[{"name":"wp","href":"https:\/\/api.w.org\/{rel}","templated":true}]}}