{"id":401161,"date":"2025-04-30T17:39:36","date_gmt":"2025-04-30T17:39:36","guid":{"rendered":"https:\/\/irankiuzona.lt\/product\/l-formos-raktas-torx-t20-99mm-magnetinis-su-skyle\/"},"modified":"2026-04-21T15:04:08","modified_gmt":"2026-04-21T15:04:08","slug":"l-formos-raktas-torx-t20-99mm-magnetinis-su-skyle","status":"publish","type":"product","link":"https:\/\/irankiuzona.lt\/ru\/product\/l-formos-raktas-torx-t20-99mm-magnetinis-su-skyle\/","title":{"rendered":"L-formos raktas TORX T20 99mm magnetinis su skyle"},"content":{"rendered":"<p>Torx T20 raktas &#8211; \u017ealios spalvosTrumpesn\u0117 rankena &#8211; 23 mm + skyl\u0117 (torx apsauga)Ilgesn\u0117 ranka &#8211; 99 mmCR-V med\u017eiaga<\/p>","protected":false},"excerpt":{"rendered":"<p>L-formos raktas TORX T20 99mm magnetinis su skyle<\/p>","protected":false},"featured_media":401163,"comment_status":"open","ping_status":"open","template":"","meta":[],"product_cat":[9900],"product_tag":[10162],"class_list":{"0":"post-401161","1":"product","2":"type-product","3":"status-publish","4":"has-post-thumbnail","6":"product_brand-waart-lenkija","7":"product_cat-l-formos-torx-raktai","8":"product_tag-waart-lenkija","10":"first","11":"instock","12":"purchasable","13":"product-type-simple"},"jetpack_sharing_enabled":true,"_links":{"self":[{"href":"https:\/\/irankiuzona.lt\/ru\/wp-json\/wp\/v2\/product\/401161","targetHints":{"allow":["GET"]}}],"collection":[{"href":"https:\/\/irankiuzona.lt\/ru\/wp-json\/wp\/v2\/product"}],"about":[{"href":"https:\/\/irankiuzona.lt\/ru\/wp-json\/wp\/v2\/types\/product"}],"replies":[{"embeddable":true,"href":"https:\/\/irankiuzona.lt\/ru\/wp-json\/wp\/v2\/comments?post=401161"}],"version-history":[{"count":1,"href":"https:\/\/irankiuzona.lt\/ru\/wp-json\/wp\/v2\/product\/401161\/revisions"}],"predecessor-version":[{"id":426538,"href":"https:\/\/irankiuzona.lt\/ru\/wp-json\/wp\/v2\/product\/401161\/revisions\/426538"}],"wp:featuredmedia":[{"embeddable":true,"href":"https:\/\/irankiuzona.lt\/ru\/wp-json\/wp\/v2\/media\/401163"}],"wp:attachment":[{"href":"https:\/\/irankiuzona.lt\/ru\/wp-json\/wp\/v2\/media?parent=401161"}],"wp:term":[{"taxonomy":"product_cat","embeddable":true,"href":"https:\/\/irankiuzona.lt\/ru\/wp-json\/wp\/v2\/product_cat?post=401161"},{"taxonomy":"product_tag","embeddable":true,"href":"https:\/\/irankiuzona.lt\/ru\/wp-json\/wp\/v2\/product_tag?post=401161"}],"curies":[{"name":"wp","href":"https:\/\/api.w.org\/{rel}","templated":true}]}}