{"id":401167,"date":"2025-04-30T17:39:47","date_gmt":"2025-04-30T17:39:47","guid":{"rendered":"https:\/\/irankiuzona.lt\/product\/preciziniu-atsuktuvu-komplektas-26-crv\/"},"modified":"2026-05-09T23:47:43","modified_gmt":"2026-05-09T23:47:43","slug":"preciziniu-atsuktuvu-komplektas-26-crv","status":"publish","type":"product","link":"https:\/\/irankiuzona.lt\/ru\/product\/preciziniu-atsuktuvu-komplektas-26-crv\/","title":{"rendered":"Precizini\u0173 atsuktuv\u0173 komplektas 26* Crv"},"content":{"rendered":"<p>Dyd\u017eiai:<br \/>\nSL1.5, SL2.0Penkiakampis: P0,8, P1,2Phillipsas: PHO0OO, PHOOO, PHOOW tipas: W1.5Torx: T2, T3, T4, T5, T6Trij\u0173 sparn\u0173: Y0,6, Y1,5Trikampis: \u25b32,3, \u25b32,0U tipas: U2.0, U2.3Ver\u017el\u0117s raktas: M2.5<\/p>","protected":false},"excerpt":{"rendered":"<p>Precizini\u0173 atsuktuv\u0173 komplektas 26* Crv<\/p>","protected":false},"featured_media":401169,"comment_status":"open","ping_status":"open","template":"","meta":[],"product_cat":[9593],"product_tag":[10130],"class_list":{"0":"post-401167","1":"product","2":"type-product","3":"status-publish","4":"has-post-thumbnail","6":"product_brand-satra-lenkija","7":"product_cat-atsuktuvu-komplektai","8":"product_tag-satra-lenkija","10":"first","11":"instock","12":"purchasable","13":"product-type-simple"},"jetpack_sharing_enabled":true,"_links":{"self":[{"href":"https:\/\/irankiuzona.lt\/ru\/wp-json\/wp\/v2\/product\/401167","targetHints":{"allow":["GET"]}}],"collection":[{"href":"https:\/\/irankiuzona.lt\/ru\/wp-json\/wp\/v2\/product"}],"about":[{"href":"https:\/\/irankiuzona.lt\/ru\/wp-json\/wp\/v2\/types\/product"}],"replies":[{"embeddable":true,"href":"https:\/\/irankiuzona.lt\/ru\/wp-json\/wp\/v2\/comments?post=401167"}],"version-history":[{"count":1,"href":"https:\/\/irankiuzona.lt\/ru\/wp-json\/wp\/v2\/product\/401167\/revisions"}],"predecessor-version":[{"id":426545,"href":"https:\/\/irankiuzona.lt\/ru\/wp-json\/wp\/v2\/product\/401167\/revisions\/426545"}],"wp:featuredmedia":[{"embeddable":true,"href":"https:\/\/irankiuzona.lt\/ru\/wp-json\/wp\/v2\/media\/401169"}],"wp:attachment":[{"href":"https:\/\/irankiuzona.lt\/ru\/wp-json\/wp\/v2\/media?parent=401167"}],"wp:term":[{"taxonomy":"product_cat","embeddable":true,"href":"https:\/\/irankiuzona.lt\/ru\/wp-json\/wp\/v2\/product_cat?post=401167"},{"taxonomy":"product_tag","embeddable":true,"href":"https:\/\/irankiuzona.lt\/ru\/wp-json\/wp\/v2\/product_tag?post=401167"}],"curies":[{"name":"wp","href":"https:\/\/api.w.org\/{rel}","templated":true}]}}