{"id":401173,"date":"2025-04-30T17:39:54","date_gmt":"2025-04-30T17:39:54","guid":{"rendered":"https:\/\/irankiuzona.lt\/product\/dumu-generatorius-nuotekio-detektorius-2\/"},"modified":"2026-05-06T22:01:10","modified_gmt":"2026-05-06T22:01:10","slug":"dumu-generatorius-nuotekio-detektorius-2","status":"publish","type":"product","link":"https:\/\/irankiuzona.lt\/ru\/product\/dumu-generatorius-nuotekio-detektorius-2\/","title":{"rendered":"D\u016bm\u0173 generatorius, nuotekio detektorius"},"content":{"rendered":"<p>Profesionali \u012franga, kuri leid\u017eia nustatyti \u012fvairius automobili\u0173 gedimus, j\u0173 sistem\u0173 nesandarumus.\u012erenginys leis jums tiksliai ir greit nustatyti problemos viet\u0105, tokiuose sistemose, kaip: \u012fsiurbimo,i\u0161metimo, degal\u0173 ir j\u0173 gar\u0173 recirkuliacijos sistemose, au\u0161inimo, turbin\u0173 sistem\u0173,variklio sandarum\u0105 ir t.t..<br \/>\nD\u016bm\u0173 nuot\u0117kio detektorius<br \/>\nD\u016bm\u0173 vamzdis<br \/>\nMaitinimo laidas<br \/>\nAliejus 200 ml<br \/>\nGuminio vamzd\u017eio kam\u0161tis 70\/100mm; 50\/80mm; 10\/40mm; 30\/60 mm<br \/>\nK\u016bginiai guminiai kam\u0161\u010diai 2x 4\/10mm<br \/>\nPrip\u016bsti Rutulio kam\u0161tis maks. 130 mm ir 90 mm<\/p>","protected":false},"excerpt":{"rendered":"<p>D\u016bm\u0173 generatorius, nuotekio detektorius<\/p>","protected":false},"featured_media":401175,"comment_status":"open","ping_status":"open","template":"","meta":[],"product_cat":[9563],"product_tag":[10131],"class_list":{"0":"post-401173","1":"product","2":"type-product","3":"status-publish","4":"has-post-thumbnail","6":"product_brand-asta-lenkija","7":"product_cat-irankiai-ausinimo-sistemai","8":"product_tag-asta-lenkija","10":"first","11":"instock","12":"purchasable","13":"product-type-simple"},"jetpack_sharing_enabled":true,"_links":{"self":[{"href":"https:\/\/irankiuzona.lt\/ru\/wp-json\/wp\/v2\/product\/401173","targetHints":{"allow":["GET"]}}],"collection":[{"href":"https:\/\/irankiuzona.lt\/ru\/wp-json\/wp\/v2\/product"}],"about":[{"href":"https:\/\/irankiuzona.lt\/ru\/wp-json\/wp\/v2\/types\/product"}],"replies":[{"embeddable":true,"href":"https:\/\/irankiuzona.lt\/ru\/wp-json\/wp\/v2\/comments?post=401173"}],"version-history":[{"count":1,"href":"https:\/\/irankiuzona.lt\/ru\/wp-json\/wp\/v2\/product\/401173\/revisions"}],"predecessor-version":[{"id":426547,"href":"https:\/\/irankiuzona.lt\/ru\/wp-json\/wp\/v2\/product\/401173\/revisions\/426547"}],"wp:featuredmedia":[{"embeddable":true,"href":"https:\/\/irankiuzona.lt\/ru\/wp-json\/wp\/v2\/media\/401175"}],"wp:attachment":[{"href":"https:\/\/irankiuzona.lt\/ru\/wp-json\/wp\/v2\/media?parent=401173"}],"wp:term":[{"taxonomy":"product_cat","embeddable":true,"href":"https:\/\/irankiuzona.lt\/ru\/wp-json\/wp\/v2\/product_cat?post=401173"},{"taxonomy":"product_tag","embeddable":true,"href":"https:\/\/irankiuzona.lt\/ru\/wp-json\/wp\/v2\/product_tag?post=401173"}],"curies":[{"name":"wp","href":"https:\/\/api.w.org\/{rel}","templated":true}]}}