{"id":401179,"date":"2025-04-30T17:40:00","date_gmt":"2025-04-30T17:40:00","guid":{"rendered":"https:\/\/irankiuzona.lt\/product\/pneumo-zarna-riteje-20m-2\/"},"modified":"2026-05-09T09:37:18","modified_gmt":"2026-05-09T09:37:18","slug":"pneumo-zarna-riteje-20m-2","status":"publish","type":"product","link":"https:\/\/irankiuzona.lt\/ru\/product\/pneumo-zarna-riteje-20m-2\/","title":{"rendered":"Pneumo \u017earna  rit\u0117je 20m"},"content":{"rendered":"<p>ilgis: 20 m + 1 mMaksimalus sl\u0117gis: 15 barjungtis: 1\/4 &quot;<\/p>","protected":false},"excerpt":{"rendered":"<p>Pneumo \u017earna\u00a0 rit\u0117je 20m<\/p>","protected":false},"featured_media":401181,"comment_status":"open","ping_status":"open","template":"","meta":[],"product_cat":[9657],"product_tag":[10131],"class_list":{"0":"post-401179","1":"product","2":"type-product","3":"status-publish","4":"has-post-thumbnail","6":"product_brand-asta-lenkija","7":"product_cat-pneumatines-oro-zarnos","8":"product_tag-asta-lenkija","10":"first","11":"instock","12":"purchasable","13":"product-type-simple"},"jetpack_sharing_enabled":true,"_links":{"self":[{"href":"https:\/\/irankiuzona.lt\/ru\/wp-json\/wp\/v2\/product\/401179","targetHints":{"allow":["GET"]}}],"collection":[{"href":"https:\/\/irankiuzona.lt\/ru\/wp-json\/wp\/v2\/product"}],"about":[{"href":"https:\/\/irankiuzona.lt\/ru\/wp-json\/wp\/v2\/types\/product"}],"replies":[{"embeddable":true,"href":"https:\/\/irankiuzona.lt\/ru\/wp-json\/wp\/v2\/comments?post=401179"}],"version-history":[{"count":1,"href":"https:\/\/irankiuzona.lt\/ru\/wp-json\/wp\/v2\/product\/401179\/revisions"}],"predecessor-version":[{"id":426550,"href":"https:\/\/irankiuzona.lt\/ru\/wp-json\/wp\/v2\/product\/401179\/revisions\/426550"}],"wp:featuredmedia":[{"embeddable":true,"href":"https:\/\/irankiuzona.lt\/ru\/wp-json\/wp\/v2\/media\/401181"}],"wp:attachment":[{"href":"https:\/\/irankiuzona.lt\/ru\/wp-json\/wp\/v2\/media?parent=401179"}],"wp:term":[{"taxonomy":"product_cat","embeddable":true,"href":"https:\/\/irankiuzona.lt\/ru\/wp-json\/wp\/v2\/product_cat?post=401179"},{"taxonomy":"product_tag","embeddable":true,"href":"https:\/\/irankiuzona.lt\/ru\/wp-json\/wp\/v2\/product_tag?post=401179"}],"curies":[{"name":"wp","href":"https:\/\/api.w.org\/{rel}","templated":true}]}}