{"id":401194,"date":"2025-04-30T17:40:17","date_gmt":"2025-04-30T17:40:17","guid":{"rendered":"https:\/\/irankiuzona.lt\/product\/kaisciai-spyruokliniai-su-smeigtukais-56vnt\/"},"modified":"2026-04-05T16:21:44","modified_gmt":"2026-04-05T16:21:44","slug":"kaisciai-spyruokliniai-su-smeigtukais-56vnt","status":"publish","type":"product","link":"https:\/\/irankiuzona.lt\/ru\/product\/kaisciai-spyruokliniai-su-smeigtukais-56vnt\/","title":{"rendered":"Kai\u0161\u010diai spyruokliniai su smeigtukais 56vnt."},"content":{"rendered":"<p>Kai\u0161\u010diai:<br \/>\n8x50mm &#8211; 5vnt.<br \/>\n9,5x50mm &#8211; 15vnt.<br \/>\n11x64mm &#8211; 5vnt.<br \/>\n13x50mm &#8211; 3vnt.<br \/>\nSmeigtukai:<br \/>\n2x30mm &#8211; 5vnt.<br \/>\n2,5x40mm &#8211; 20vnt.<br \/>\n3x44mm &#8211; 3vnt.<\/p>","protected":false},"excerpt":{"rendered":"<p>Kai\u0161\u010diai spyruokliniai su smeigtukais 56vnt.<\/p>","protected":false},"featured_media":401196,"comment_status":"open","ping_status":"open","template":"","meta":[],"product_cat":[9438],"product_tag":[10131],"class_list":{"0":"post-401194","1":"product","2":"type-product","3":"status-publish","4":"has-post-thumbnail","6":"product_brand-asta-lenkija","7":"product_cat-tarpines-savarzos-smeiges-kaisciai-ir-kiti-rinkiniai","8":"product_tag-asta-lenkija","10":"first","11":"instock","12":"purchasable","13":"product-type-simple"},"jetpack_sharing_enabled":true,"_links":{"self":[{"href":"https:\/\/irankiuzona.lt\/ru\/wp-json\/wp\/v2\/product\/401194","targetHints":{"allow":["GET"]}}],"collection":[{"href":"https:\/\/irankiuzona.lt\/ru\/wp-json\/wp\/v2\/product"}],"about":[{"href":"https:\/\/irankiuzona.lt\/ru\/wp-json\/wp\/v2\/types\/product"}],"replies":[{"embeddable":true,"href":"https:\/\/irankiuzona.lt\/ru\/wp-json\/wp\/v2\/comments?post=401194"}],"version-history":[{"count":0,"href":"https:\/\/irankiuzona.lt\/ru\/wp-json\/wp\/v2\/product\/401194\/revisions"}],"wp:featuredmedia":[{"embeddable":true,"href":"https:\/\/irankiuzona.lt\/ru\/wp-json\/wp\/v2\/media\/401196"}],"wp:attachment":[{"href":"https:\/\/irankiuzona.lt\/ru\/wp-json\/wp\/v2\/media?parent=401194"}],"wp:term":[{"taxonomy":"product_cat","embeddable":true,"href":"https:\/\/irankiuzona.lt\/ru\/wp-json\/wp\/v2\/product_cat?post=401194"},{"taxonomy":"product_tag","embeddable":true,"href":"https:\/\/irankiuzona.lt\/ru\/wp-json\/wp\/v2\/product_tag?post=401194"}],"curies":[{"name":"wp","href":"https:\/\/api.w.org\/{rel}","templated":true}]}}