{"id":401359,"date":"2025-05-08T19:55:24","date_gmt":"2025-05-08T19:55:24","guid":{"rendered":"https:\/\/irankiuzona.lt\/product\/perforatorius-sds-1500w-jcb\/"},"modified":"2026-04-15T13:35:44","modified_gmt":"2026-04-15T13:35:44","slug":"perforatorius-sds-1500w-jcb","status":"publish","type":"product","link":"https:\/\/irankiuzona.lt\/ru\/product\/perforatorius-sds-1500w-jcb\/","title":{"rendered":"Perforatorius SDS+ 1500W JCB"},"content":{"rendered":"<p>\u012etampa 230VGalingumas 1500WGreitis be apkrovos 920\/min (RPM)Plaktuko sm\u016bgio greitis 4230 bpmHammer Impact Force 6JKintamasis greitis NrChuck SDS PlusRe\u017eimai 1. Gr\u0119\u017eimas 2. Gr\u0119\u017eimas plaktuku 3. Kalimas 4. Kalt\u0173 reguliavimasJungiklio tipas TrigerisMaks. Gr\u0119\u017eimo galia (metalas) 13mmMaks. Gr\u0119\u017eimo galia (mediena) 42mmMaks. gr\u0119\u017eimo galia (m\u016bro) 32mmKabelio ilgis 3mGrynasis svoris (kg) 5.3<\/p>","protected":false},"excerpt":{"rendered":"<p>Perforatorius SDS+ 1500W JCB<\/p>","protected":false},"featured_media":401361,"comment_status":"open","ping_status":"open","template":"","meta":[],"product_cat":[9894],"product_tag":[10143],"class_list":{"0":"post-401359","1":"product","2":"type-product","3":"status-publish","4":"has-post-thumbnail","6":"product_brand-jcb","7":"product_cat-smuginiai-greztuvai-perforatoriai","8":"product_tag-jcb","10":"first","11":"outofstock","12":"purchasable","13":"product-type-simple"},"jetpack_sharing_enabled":true,"_links":{"self":[{"href":"https:\/\/irankiuzona.lt\/ru\/wp-json\/wp\/v2\/product\/401359","targetHints":{"allow":["GET"]}}],"collection":[{"href":"https:\/\/irankiuzona.lt\/ru\/wp-json\/wp\/v2\/product"}],"about":[{"href":"https:\/\/irankiuzona.lt\/ru\/wp-json\/wp\/v2\/types\/product"}],"replies":[{"embeddable":true,"href":"https:\/\/irankiuzona.lt\/ru\/wp-json\/wp\/v2\/comments?post=401359"}],"version-history":[{"count":1,"href":"https:\/\/irankiuzona.lt\/ru\/wp-json\/wp\/v2\/product\/401359\/revisions"}],"predecessor-version":[{"id":426462,"href":"https:\/\/irankiuzona.lt\/ru\/wp-json\/wp\/v2\/product\/401359\/revisions\/426462"}],"wp:featuredmedia":[{"embeddable":true,"href":"https:\/\/irankiuzona.lt\/ru\/wp-json\/wp\/v2\/media\/401361"}],"wp:attachment":[{"href":"https:\/\/irankiuzona.lt\/ru\/wp-json\/wp\/v2\/media?parent=401359"}],"wp:term":[{"taxonomy":"product_cat","embeddable":true,"href":"https:\/\/irankiuzona.lt\/ru\/wp-json\/wp\/v2\/product_cat?post=401359"},{"taxonomy":"product_tag","embeddable":true,"href":"https:\/\/irankiuzona.lt\/ru\/wp-json\/wp\/v2\/product_tag?post=401359"}],"curies":[{"name":"wp","href":"https:\/\/api.w.org\/{rel}","templated":true}]}}