{"id":401428,"date":"2025-05-08T19:57:57","date_gmt":"2025-05-08T19:57:57","guid":{"rendered":"https:\/\/irankiuzona.lt\/product\/kaltu-komplektas-medziui-4vnt\/"},"modified":"2025-05-17T06:15:20","modified_gmt":"2025-05-17T06:15:20","slug":"kaltu-komplektas-medziui-4vnt","status":"publish","type":"product","link":"https:\/\/irankiuzona.lt\/ru\/product\/kaltu-komplektas-medziui-4vnt\/","title":{"rendered":"Kalt\u0173 komplektas med\u017eiui 4vnt."},"content":{"rendered":"<p>kiekis: 4vntdyd\u017eiai: 10, 16, 20, 25 mm<\/p>","protected":false},"excerpt":{"rendered":"<p>Kalt\u0173 komplektas med\u017eiui 4vnt.<\/p>","protected":false},"featured_media":401430,"comment_status":"open","ping_status":"open","template":"","meta":[],"product_cat":[9674],"product_tag":[10151],"class_list":{"0":"post-401428","1":"product","2":"type-product","3":"status-publish","4":"has-post-thumbnail","6":"product_brand-lenkija-tiekejas","7":"product_cat-kaltai-medziui","8":"product_tag-lenkija-tiekejas","10":"first","11":"instock","12":"purchasable","13":"product-type-simple"},"jetpack_sharing_enabled":true,"_links":{"self":[{"href":"https:\/\/irankiuzona.lt\/ru\/wp-json\/wp\/v2\/product\/401428","targetHints":{"allow":["GET"]}}],"collection":[{"href":"https:\/\/irankiuzona.lt\/ru\/wp-json\/wp\/v2\/product"}],"about":[{"href":"https:\/\/irankiuzona.lt\/ru\/wp-json\/wp\/v2\/types\/product"}],"replies":[{"embeddable":true,"href":"https:\/\/irankiuzona.lt\/ru\/wp-json\/wp\/v2\/comments?post=401428"}],"version-history":[{"count":0,"href":"https:\/\/irankiuzona.lt\/ru\/wp-json\/wp\/v2\/product\/401428\/revisions"}],"wp:featuredmedia":[{"embeddable":true,"href":"https:\/\/irankiuzona.lt\/ru\/wp-json\/wp\/v2\/media\/401430"}],"wp:attachment":[{"href":"https:\/\/irankiuzona.lt\/ru\/wp-json\/wp\/v2\/media?parent=401428"}],"wp:term":[{"taxonomy":"product_cat","embeddable":true,"href":"https:\/\/irankiuzona.lt\/ru\/wp-json\/wp\/v2\/product_cat?post=401428"},{"taxonomy":"product_tag","embeddable":true,"href":"https:\/\/irankiuzona.lt\/ru\/wp-json\/wp\/v2\/product_tag?post=401428"}],"curies":[{"name":"wp","href":"https:\/\/api.w.org\/{rel}","templated":true}]}}