{"id":401458,"date":"2025-05-12T13:28:28","date_gmt":"2025-05-12T13:28:28","guid":{"rendered":"https:\/\/irankiuzona.lt\/product\/pakabinamas-stendas-2vnt-555x455x8mm\/"},"modified":"2026-04-13T09:15:11","modified_gmt":"2026-04-13T09:15:11","slug":"pakabinamas-stendas-2vnt-555x455x8mm","status":"publish","type":"product","link":"https:\/\/irankiuzona.lt\/ru\/product\/pakabinamas-stendas-2vnt-555x455x8mm\/","title":{"rendered":"Pakabinamas Stendas 2vnt 555X455X8mm"},"content":{"rendered":"<p>Kabliukams gali reik\u0117ti truput\u012f paspausti kojeles d\u0117l geresn\u0117s fiksacijos (standarti\u0161kai gali tur\u0117ti tvirtinimo defekt\u0173).<br \/>\nBendras dydis &#8211; 1110 x 455 x 8mm  Komplekte: 1 vnt. ver\u017eliarak\u010di\u0173 d\u0117klas 1 vnt. atsuktuv\u0173 d\u0117klas 1 vnt. gr\u0105\u017et\u0173 d\u0117klas 4 vnt. plastikini\u0173 d\u0117\u017eu\u010di\u0173 3 vnt. laikikli\u0173 repl\u0117ms 2 vnt. laikikli\u0173 plaktukam 5 vnt. universali\u0173 kabli\u0173 ilg\u0173 15 vnt. universali\u0173 kabli\u0173 trump\u0173  Sienel\u0117s storis &#8211; 0,5 mm.Svoris &#8211; 3,4 kgPapildomai galima \u012fsigyti kabliukus, laikiklius ir d\u0117\u017eutes \u012frankiams &#8211; priedai-06601-stendui<\/p>","protected":false},"excerpt":{"rendered":"<p>Pakabinamas stendas, perforuota sienel\u0117 \u012frankiams 2vnt 555X455X8mm<br \/>\nKabliukams gali reik\u0117ti truput\u012f paspausti kojeles d\u0117l geresn\u0117s fiksacijos.<\/p>","protected":false},"featured_media":401460,"comment_status":"open","ping_status":"open","template":"","meta":[],"product_cat":[9874],"product_tag":[],"class_list":{"0":"post-401458","1":"product","2":"type-product","3":"status-publish","4":"has-post-thumbnail","6":"product_cat-spinteles-stalvirsiai-perforuotos-sieneles","8":"first","9":"instock","10":"purchasable","11":"product-type-simple"},"jetpack_sharing_enabled":true,"_links":{"self":[{"href":"https:\/\/irankiuzona.lt\/ru\/wp-json\/wp\/v2\/product\/401458","targetHints":{"allow":["GET"]}}],"collection":[{"href":"https:\/\/irankiuzona.lt\/ru\/wp-json\/wp\/v2\/product"}],"about":[{"href":"https:\/\/irankiuzona.lt\/ru\/wp-json\/wp\/v2\/types\/product"}],"replies":[{"embeddable":true,"href":"https:\/\/irankiuzona.lt\/ru\/wp-json\/wp\/v2\/comments?post=401458"}],"version-history":[{"count":1,"href":"https:\/\/irankiuzona.lt\/ru\/wp-json\/wp\/v2\/product\/401458\/revisions"}],"predecessor-version":[{"id":411495,"href":"https:\/\/irankiuzona.lt\/ru\/wp-json\/wp\/v2\/product\/401458\/revisions\/411495"}],"wp:featuredmedia":[{"embeddable":true,"href":"https:\/\/irankiuzona.lt\/ru\/wp-json\/wp\/v2\/media\/401460"}],"wp:attachment":[{"href":"https:\/\/irankiuzona.lt\/ru\/wp-json\/wp\/v2\/media?parent=401458"}],"wp:term":[{"taxonomy":"product_cat","embeddable":true,"href":"https:\/\/irankiuzona.lt\/ru\/wp-json\/wp\/v2\/product_cat?post=401458"},{"taxonomy":"product_tag","embeddable":true,"href":"https:\/\/irankiuzona.lt\/ru\/wp-json\/wp\/v2\/product_tag?post=401458"}],"curies":[{"name":"wp","href":"https:\/\/api.w.org\/{rel}","templated":true}]}}