{"id":401545,"date":"2025-05-12T15:40:46","date_gmt":"2025-05-12T15:40:46","guid":{"rendered":"https:\/\/irankiuzona.lt\/product\/suvirinimo-skydelis-automatinis-3\/"},"modified":"2026-05-09T04:48:34","modified_gmt":"2026-05-09T04:48:34","slug":"suvirinimo-skydelis-automatinis-3","status":"publish","type":"product","link":"https:\/\/irankiuzona.lt\/ru\/product\/suvirinimo-skydelis-automatinis-3\/","title":{"rendered":"Suvirinimo skydelis automatinis"},"content":{"rendered":"<p>Automati\u0161kai tams\u0117jantis filtras<br \/>\nTamsinimas i\u0161jungtu r\u0117\u017eimu DIN 4<br \/>\nTamsinimas DIN 9-13<br \/>\nTamsinimo lygis\/\u0161veitimo funkcija reguliuojasi su ratuku<br \/>\nMatymo laukas 92,5 x 42,5 mm<br \/>\nFiltro dydis 115 x 90 x 9 mm<br \/>\nReguliuojamas jautrumas<br \/>\nDelsimo reguliavimas\u00a0<br \/>\nSaul\u0117s su \u012fmontuota baterija\u00a0(2x AAA)<br \/>\n\u0160vetimo funkcija<br \/>\nAtitinka Europinius standartus: EN 379, EN 175, CE<\/p>","protected":false},"excerpt":{"rendered":"<p>Suvirinimo skydelis su automati\u0161kai tams\u0117jan\u010diu filtru. U\u017etikrina apsauga prie\u0161 UV ir IR radiacija virinimo metu.<\/p>","protected":false},"featured_media":184958,"comment_status":"open","ping_status":"open","template":"","meta":[],"product_cat":[9893],"product_tag":[9810],"class_list":{"0":"post-401545","1":"product","2":"type-product","3":"status-publish","4":"has-post-thumbnail","6":"product_brand-geko-lenkija","7":"product_cat-suvirinimo-iranga","8":"product_tag-geko-lenkija","10":"first","11":"instock","12":"purchasable","13":"product-type-simple"},"jetpack_sharing_enabled":true,"_links":{"self":[{"href":"https:\/\/irankiuzona.lt\/ru\/wp-json\/wp\/v2\/product\/401545","targetHints":{"allow":["GET"]}}],"collection":[{"href":"https:\/\/irankiuzona.lt\/ru\/wp-json\/wp\/v2\/product"}],"about":[{"href":"https:\/\/irankiuzona.lt\/ru\/wp-json\/wp\/v2\/types\/product"}],"replies":[{"embeddable":true,"href":"https:\/\/irankiuzona.lt\/ru\/wp-json\/wp\/v2\/comments?post=401545"}],"version-history":[{"count":1,"href":"https:\/\/irankiuzona.lt\/ru\/wp-json\/wp\/v2\/product\/401545\/revisions"}],"predecessor-version":[{"id":417948,"href":"https:\/\/irankiuzona.lt\/ru\/wp-json\/wp\/v2\/product\/401545\/revisions\/417948"}],"wp:featuredmedia":[{"embeddable":true,"href":"https:\/\/irankiuzona.lt\/ru\/wp-json\/wp\/v2\/media\/184958"}],"wp:attachment":[{"href":"https:\/\/irankiuzona.lt\/ru\/wp-json\/wp\/v2\/media?parent=401545"}],"wp:term":[{"taxonomy":"product_cat","embeddable":true,"href":"https:\/\/irankiuzona.lt\/ru\/wp-json\/wp\/v2\/product_cat?post=401545"},{"taxonomy":"product_tag","embeddable":true,"href":"https:\/\/irankiuzona.lt\/ru\/wp-json\/wp\/v2\/product_tag?post=401545"}],"curies":[{"name":"wp","href":"https:\/\/api.w.org\/{rel}","templated":true}]}}