{"id":401555,"date":"2025-05-12T15:40:53","date_gmt":"2025-05-12T15:40:53","guid":{"rendered":"https:\/\/irankiuzona.lt\/product\/gultas-ant-ratuku-6ratu-3\/"},"modified":"2026-04-12T00:13:11","modified_gmt":"2026-04-12T00:13:11","slug":"gultas-ant-ratuku-6ratu-3","status":"publish","type":"product","link":"https:\/\/irankiuzona.lt\/ru\/product\/gultas-ant-ratuku-6ratu-3\/","title":{"rendered":"Gultas ant ratuk\u0173 (6rat\u0173)"},"content":{"rendered":"<p>Techniniai duomenys6 ratukai u\u017etikrina puik\u0173 mobilum\u0105Maksimalus\u00a0 svoris 150kg995 mm ilgio x 470 mm plo\u010dio ir 105 mm auk\u0161\u010dio<\/p>","protected":false},"excerpt":{"rendered":"<p>Gultas ant ratuk\u0173 (6rat\u0173)<\/p>","protected":false},"featured_media":296587,"comment_status":"open","ping_status":"open","template":"","meta":[],"product_cat":[9761],"product_tag":[9810],"class_list":{"0":"post-401555","1":"product","2":"type-product","3":"status-publish","4":"has-post-thumbnail","6":"product_brand-geko-lenkija","7":"product_cat-mechaniko-gultai-kedutes","8":"product_tag-geko-lenkija","10":"first","11":"instock","12":"purchasable","13":"product-type-simple"},"jetpack_sharing_enabled":true,"_links":{"self":[{"href":"https:\/\/irankiuzona.lt\/ru\/wp-json\/wp\/v2\/product\/401555","targetHints":{"allow":["GET"]}}],"collection":[{"href":"https:\/\/irankiuzona.lt\/ru\/wp-json\/wp\/v2\/product"}],"about":[{"href":"https:\/\/irankiuzona.lt\/ru\/wp-json\/wp\/v2\/types\/product"}],"replies":[{"embeddable":true,"href":"https:\/\/irankiuzona.lt\/ru\/wp-json\/wp\/v2\/comments?post=401555"}],"version-history":[{"count":1,"href":"https:\/\/irankiuzona.lt\/ru\/wp-json\/wp\/v2\/product\/401555\/revisions"}],"predecessor-version":[{"id":417951,"href":"https:\/\/irankiuzona.lt\/ru\/wp-json\/wp\/v2\/product\/401555\/revisions\/417951"}],"wp:featuredmedia":[{"embeddable":true,"href":"https:\/\/irankiuzona.lt\/ru\/wp-json\/wp\/v2\/media\/296587"}],"wp:attachment":[{"href":"https:\/\/irankiuzona.lt\/ru\/wp-json\/wp\/v2\/media?parent=401555"}],"wp:term":[{"taxonomy":"product_cat","embeddable":true,"href":"https:\/\/irankiuzona.lt\/ru\/wp-json\/wp\/v2\/product_cat?post=401555"},{"taxonomy":"product_tag","embeddable":true,"href":"https:\/\/irankiuzona.lt\/ru\/wp-json\/wp\/v2\/product_tag?post=401555"}],"curies":[{"name":"wp","href":"https:\/\/api.w.org\/{rel}","templated":true}]}}