{"id":401557,"date":"2025-05-12T15:40:54","date_gmt":"2025-05-12T15:40:54","guid":{"rendered":"https:\/\/irankiuzona.lt\/product\/gultas-kede-ant-ratuku-3\/"},"modified":"2026-04-12T00:13:11","modified_gmt":"2026-04-12T00:13:11","slug":"gultas-kede-ant-ratuku-3","status":"publish","type":"product","link":"https:\/\/irankiuzona.lt\/ru\/product\/gultas-kede-ant-ratuku-3\/","title":{"rendered":"Gultas &#8211; k\u0117d\u0117 ant ratuk\u0173"},"content":{"rendered":"<p>Technical DataHigh quality steel frameQuick and simple conversion into a stoolHigh density foam padded cushion and head rest7 caster wheels for great mobilityMaximum capacity for creeper mode: 136 kgMaximum capacity for seat mode: 110 kg1020mm long x 400mm wide x 110mm high<\/p>","protected":false},"excerpt":{"rendered":"<p>Gultas &#8211; k\u0117d\u0117 ant ratuk\u0173<\/p>","protected":false},"featured_media":270963,"comment_status":"open","ping_status":"open","template":"","meta":[],"product_cat":[9761],"product_tag":[9810],"class_list":{"0":"post-401557","1":"product","2":"type-product","3":"status-publish","4":"has-post-thumbnail","6":"product_brand-geko-lenkija","7":"product_cat-mechaniko-gultai-kedutes","8":"product_tag-geko-lenkija","10":"first","11":"outofstock","12":"purchasable","13":"product-type-simple"},"jetpack_sharing_enabled":true,"_links":{"self":[{"href":"https:\/\/irankiuzona.lt\/ru\/wp-json\/wp\/v2\/product\/401557","targetHints":{"allow":["GET"]}}],"collection":[{"href":"https:\/\/irankiuzona.lt\/ru\/wp-json\/wp\/v2\/product"}],"about":[{"href":"https:\/\/irankiuzona.lt\/ru\/wp-json\/wp\/v2\/types\/product"}],"replies":[{"embeddable":true,"href":"https:\/\/irankiuzona.lt\/ru\/wp-json\/wp\/v2\/comments?post=401557"}],"version-history":[{"count":1,"href":"https:\/\/irankiuzona.lt\/ru\/wp-json\/wp\/v2\/product\/401557\/revisions"}],"predecessor-version":[{"id":417952,"href":"https:\/\/irankiuzona.lt\/ru\/wp-json\/wp\/v2\/product\/401557\/revisions\/417952"}],"wp:featuredmedia":[{"embeddable":true,"href":"https:\/\/irankiuzona.lt\/ru\/wp-json\/wp\/v2\/media\/270963"}],"wp:attachment":[{"href":"https:\/\/irankiuzona.lt\/ru\/wp-json\/wp\/v2\/media?parent=401557"}],"wp:term":[{"taxonomy":"product_cat","embeddable":true,"href":"https:\/\/irankiuzona.lt\/ru\/wp-json\/wp\/v2\/product_cat?post=401557"},{"taxonomy":"product_tag","embeddable":true,"href":"https:\/\/irankiuzona.lt\/ru\/wp-json\/wp\/v2\/product_tag?post=401557"}],"curies":[{"name":"wp","href":"https:\/\/api.w.org\/{rel}","templated":true}]}}