{"id":401559,"date":"2025-05-12T15:40:57","date_gmt":"2025-05-12T15:40:57","guid":{"rendered":"https:\/\/irankiuzona.lt\/product\/plovykla-80l-su-sepeciu-2\/"},"modified":"2026-04-11T16:47:46","modified_gmt":"2026-04-11T16:47:46","slug":"plovykla-80l-su-sepeciu-2","status":"publish","type":"product","link":"https:\/\/irankiuzona.lt\/ru\/product\/plovykla-80l-su-sepeciu-2\/","title":{"rendered":"Plovykla 80L su \u0161epe\u010diu"},"content":{"rendered":"<p>Lankstus metalinis antgalis tiksliam padengimui230 V maitinamas integruotas siurblys tiekia valymo skyst\u012fNuimamas dali\u0173 krep\u0161elisSiurblio greitis iki 12 l \/ minRezervuaro talpa: 80LMaksimalus agento talpa: 50LTalpyklos vidiniai matmenys: 710 x 480 x 260 mmPapildoma lentyna po rezervuaru\u012erengtas i\u0161leidimo kam\u0161tis, skirtas greitai pa\u0161alinti skys\u010dius<\/p>","protected":false},"excerpt":{"rendered":"<p>Plovykla 80L su \u0161epe\u010diu<\/p>","protected":false},"featured_media":296592,"comment_status":"open","ping_status":"open","template":"","meta":[],"product_cat":[9896],"product_tag":[9810],"class_list":{"0":"post-401559","1":"product","2":"type-product","3":"status-publish","4":"has-post-thumbnail","6":"product_brand-geko-lenkija","7":"product_cat-smeliasroves-irankiai-smeliavimui-plovykles","8":"product_tag-geko-lenkija","10":"first","11":"instock","12":"purchasable","13":"product-type-simple"},"jetpack_sharing_enabled":true,"_links":{"self":[{"href":"https:\/\/irankiuzona.lt\/ru\/wp-json\/wp\/v2\/product\/401559","targetHints":{"allow":["GET"]}}],"collection":[{"href":"https:\/\/irankiuzona.lt\/ru\/wp-json\/wp\/v2\/product"}],"about":[{"href":"https:\/\/irankiuzona.lt\/ru\/wp-json\/wp\/v2\/types\/product"}],"replies":[{"embeddable":true,"href":"https:\/\/irankiuzona.lt\/ru\/wp-json\/wp\/v2\/comments?post=401559"}],"version-history":[{"count":1,"href":"https:\/\/irankiuzona.lt\/ru\/wp-json\/wp\/v2\/product\/401559\/revisions"}],"predecessor-version":[{"id":417953,"href":"https:\/\/irankiuzona.lt\/ru\/wp-json\/wp\/v2\/product\/401559\/revisions\/417953"}],"wp:featuredmedia":[{"embeddable":true,"href":"https:\/\/irankiuzona.lt\/ru\/wp-json\/wp\/v2\/media\/296592"}],"wp:attachment":[{"href":"https:\/\/irankiuzona.lt\/ru\/wp-json\/wp\/v2\/media?parent=401559"}],"wp:term":[{"taxonomy":"product_cat","embeddable":true,"href":"https:\/\/irankiuzona.lt\/ru\/wp-json\/wp\/v2\/product_cat?post=401559"},{"taxonomy":"product_tag","embeddable":true,"href":"https:\/\/irankiuzona.lt\/ru\/wp-json\/wp\/v2\/product_tag?post=401559"}],"curies":[{"name":"wp","href":"https:\/\/api.w.org\/{rel}","templated":true}]}}