{"id":401569,"date":"2025-05-12T15:42:14","date_gmt":"2025-05-12T15:42:14","guid":{"rendered":"https:\/\/irankiuzona.lt\/product\/lankstytuvas-vamzdziuprofiliu-2\/"},"modified":"2026-04-13T03:36:19","modified_gmt":"2026-04-13T03:36:19","slug":"lankstytuvas-vamzdziuprofiliu-2","status":"publish","type":"product","link":"https:\/\/irankiuzona.lt\/ru\/product\/lankstytuvas-vamzdziuprofiliu-2\/","title":{"rendered":"Lankstytuvas vamzd\u017ei\u0173,profili\u0173"},"content":{"rendered":"","protected":false},"excerpt":{"rendered":"<p>Lankstytuvas vamzd\u017ei\u0173,profili\u0173<\/p>","protected":false},"featured_media":296798,"comment_status":"open","ping_status":"open","template":"","meta":[],"product_cat":[9968],"product_tag":[9810],"class_list":{"0":"post-401569","1":"product","2":"type-product","3":"status-publish","4":"has-post-thumbnail","6":"product_brand-geko-lenkija","7":"product_cat-stakles-metalo-apdirbimui","8":"product_tag-geko-lenkija","10":"first","11":"instock","12":"purchasable","13":"product-type-simple"},"jetpack_sharing_enabled":true,"_links":{"self":[{"href":"https:\/\/irankiuzona.lt\/ru\/wp-json\/wp\/v2\/product\/401569","targetHints":{"allow":["GET"]}}],"collection":[{"href":"https:\/\/irankiuzona.lt\/ru\/wp-json\/wp\/v2\/product"}],"about":[{"href":"https:\/\/irankiuzona.lt\/ru\/wp-json\/wp\/v2\/types\/product"}],"replies":[{"embeddable":true,"href":"https:\/\/irankiuzona.lt\/ru\/wp-json\/wp\/v2\/comments?post=401569"}],"version-history":[{"count":1,"href":"https:\/\/irankiuzona.lt\/ru\/wp-json\/wp\/v2\/product\/401569\/revisions"}],"predecessor-version":[{"id":418028,"href":"https:\/\/irankiuzona.lt\/ru\/wp-json\/wp\/v2\/product\/401569\/revisions\/418028"}],"wp:featuredmedia":[{"embeddable":true,"href":"https:\/\/irankiuzona.lt\/ru\/wp-json\/wp\/v2\/media\/296798"}],"wp:attachment":[{"href":"https:\/\/irankiuzona.lt\/ru\/wp-json\/wp\/v2\/media?parent=401569"}],"wp:term":[{"taxonomy":"product_cat","embeddable":true,"href":"https:\/\/irankiuzona.lt\/ru\/wp-json\/wp\/v2\/product_cat?post=401569"},{"taxonomy":"product_tag","embeddable":true,"href":"https:\/\/irankiuzona.lt\/ru\/wp-json\/wp\/v2\/product_tag?post=401569"}],"curies":[{"name":"wp","href":"https:\/\/api.w.org\/{rel}","templated":true}]}}