{"id":401571,"date":"2025-05-12T15:43:21","date_gmt":"2025-05-12T15:43:21","guid":{"rendered":"https:\/\/irankiuzona.lt\/product\/suvirinimo-aparatas-invertinis-250a-3pcb-2\/"},"modified":"2026-04-13T08:34:28","modified_gmt":"2026-04-13T08:34:28","slug":"suvirinimo-aparatas-invertinis-250a-3pcb-2","status":"publish","type":"product","link":"https:\/\/irankiuzona.lt\/ru\/product\/suvirinimo-aparatas-invertinis-250a-3pcb-2\/","title":{"rendered":"Suvirinimo aparatas invertinis 250A 3PCB"},"content":{"rendered":"<p>Suvirinimo aparatas su elektroniniu skaitikliuskirtas anglio plieno, ner\u016bdijan\u010dio plieno, r\u016bg\u0161tims atsparaus plieno, vario ir \u017ealvario suvirinimui.Prietaisai su kompakti\u0161ku dizainu ir skaitmeniniu suvirinimo parametr\u0173 rodymu.yra suprojektuoti MMA suvirinimui (glaistytais elektrodais). Prietaisas tinka suvirinti vis\u0173 tip\u0173 glaistytais elektrodais, tarp j\u0173: rutiliniais, \u0161arminiais ir celiulioziniais.<\/p>","protected":false},"excerpt":{"rendered":"<p>Suvirinimo aparatas invertinis 250A 3PCB<\/p>","protected":false},"featured_media":297015,"comment_status":"open","ping_status":"open","template":"","meta":[],"product_cat":[9893],"product_tag":[9810],"class_list":{"0":"post-401571","1":"product","2":"type-product","3":"status-publish","4":"has-post-thumbnail","6":"product_brand-geko-lenkija","7":"product_cat-suvirinimo-iranga","8":"product_tag-geko-lenkija","10":"first","11":"outofstock","12":"purchasable","13":"product-type-simple"},"jetpack_sharing_enabled":true,"_links":{"self":[{"href":"https:\/\/irankiuzona.lt\/ru\/wp-json\/wp\/v2\/product\/401571","targetHints":{"allow":["GET"]}}],"collection":[{"href":"https:\/\/irankiuzona.lt\/ru\/wp-json\/wp\/v2\/product"}],"about":[{"href":"https:\/\/irankiuzona.lt\/ru\/wp-json\/wp\/v2\/types\/product"}],"replies":[{"embeddable":true,"href":"https:\/\/irankiuzona.lt\/ru\/wp-json\/wp\/v2\/comments?post=401571"}],"version-history":[{"count":1,"href":"https:\/\/irankiuzona.lt\/ru\/wp-json\/wp\/v2\/product\/401571\/revisions"}],"predecessor-version":[{"id":418101,"href":"https:\/\/irankiuzona.lt\/ru\/wp-json\/wp\/v2\/product\/401571\/revisions\/418101"}],"wp:featuredmedia":[{"embeddable":true,"href":"https:\/\/irankiuzona.lt\/ru\/wp-json\/wp\/v2\/media\/297015"}],"wp:attachment":[{"href":"https:\/\/irankiuzona.lt\/ru\/wp-json\/wp\/v2\/media?parent=401571"}],"wp:term":[{"taxonomy":"product_cat","embeddable":true,"href":"https:\/\/irankiuzona.lt\/ru\/wp-json\/wp\/v2\/product_cat?post=401571"},{"taxonomy":"product_tag","embeddable":true,"href":"https:\/\/irankiuzona.lt\/ru\/wp-json\/wp\/v2\/product_tag?post=401571"}],"curies":[{"name":"wp","href":"https:\/\/api.w.org\/{rel}","templated":true}]}}