{"id":401573,"date":"2025-05-12T15:44:40","date_gmt":"2025-05-12T15:44:40","guid":{"rendered":"https:\/\/irankiuzona.lt\/product\/tekinimo-kaltai-11vnt-2\/"},"modified":"2026-04-13T09:38:17","modified_gmt":"2026-04-13T09:38:17","slug":"tekinimo-kaltai-11vnt-2","status":"publish","type":"product","link":"https:\/\/irankiuzona.lt\/ru\/product\/tekinimo-kaltai-11vnt-2\/","title":{"rendered":"Tekinimo kaltai 11vnt."},"content":{"rendered":"<p>Prek\u0117s savyb\u0117s:<\/p>\n<p>Dydis 16&#215;16 mm<br \/>\nKomplekte 11 peili\u0173<br \/>\nkarbido a\u0161menys<br \/>\npeili\u0173 rinkinys, supakuotas \u012f patog\u0173 aliuminio d\u0117kl\u0105<\/p>\n<p>Komplekto komponentai:<\/p>\n<p>DIN4980 L 16&#215;16 P30<br \/>\nDIN4971 R 16&#215;16 P30<br \/>\nDIN4976 16&#215;16 P30<br \/>\nDIN4975 16&#215;16 P30<br \/>\nDIN4981 R 16&#215;16 P30<br \/>\nDIN4972 R 16&#215;16 P30<br \/>\nDIN4980 R 16&#215;16 P30<br \/>\nDIN4978 R 16&#215;16 P30<br \/>\nDIN4977 R 16&#215;16 P30<br \/>\nDIN4973 16&#215;16 P30<br \/>\nDIN4974 16&#215;16 P30<\/p>","protected":false},"excerpt":{"rendered":"<p>Tekinimo kaltai 11vnt.<\/p>","protected":false},"featured_media":248418,"comment_status":"open","ping_status":"closed","template":"","meta":[],"product_cat":[9598],"product_tag":[9810],"class_list":{"0":"post-401573","1":"product","2":"type-product","3":"status-publish","4":"has-post-thumbnail","6":"product_brand-geko-lenkija","7":"product_cat-kaltai-metalui","8":"product_tag-geko-lenkija","10":"first","11":"instock","12":"purchasable","13":"product-type-simple"},"jetpack_sharing_enabled":true,"_links":{"self":[{"href":"https:\/\/irankiuzona.lt\/ru\/wp-json\/wp\/v2\/product\/401573","targetHints":{"allow":["GET"]}}],"collection":[{"href":"https:\/\/irankiuzona.lt\/ru\/wp-json\/wp\/v2\/product"}],"about":[{"href":"https:\/\/irankiuzona.lt\/ru\/wp-json\/wp\/v2\/types\/product"}],"replies":[{"embeddable":true,"href":"https:\/\/irankiuzona.lt\/ru\/wp-json\/wp\/v2\/comments?post=401573"}],"version-history":[{"count":1,"href":"https:\/\/irankiuzona.lt\/ru\/wp-json\/wp\/v2\/product\/401573\/revisions"}],"predecessor-version":[{"id":418165,"href":"https:\/\/irankiuzona.lt\/ru\/wp-json\/wp\/v2\/product\/401573\/revisions\/418165"}],"wp:featuredmedia":[{"embeddable":true,"href":"https:\/\/irankiuzona.lt\/ru\/wp-json\/wp\/v2\/media\/248418"}],"wp:attachment":[{"href":"https:\/\/irankiuzona.lt\/ru\/wp-json\/wp\/v2\/media?parent=401573"}],"wp:term":[{"taxonomy":"product_cat","embeddable":true,"href":"https:\/\/irankiuzona.lt\/ru\/wp-json\/wp\/v2\/product_cat?post=401573"},{"taxonomy":"product_tag","embeddable":true,"href":"https:\/\/irankiuzona.lt\/ru\/wp-json\/wp\/v2\/product_tag?post=401573"}],"curies":[{"name":"wp","href":"https:\/\/api.w.org\/{rel}","templated":true}]}}