{"id":401579,"date":"2025-05-12T15:44:45","date_gmt":"2025-05-12T15:44:45","guid":{"rendered":"https:\/\/irankiuzona.lt\/product\/pneumo-irankiu-komplektas-33daliu-2\/"},"modified":"2026-03-10T02:10:22","modified_gmt":"2026-03-10T02:10:22","slug":"pneumo-irankiu-komplektas-33daliu-2","status":"publish","type":"product","link":"https:\/\/irankiuzona.lt\/ru\/product\/pneumo-irankiu-komplektas-33daliu-2\/","title":{"rendered":"Pneumo \u012franki\u0173 komplektas 33dali\u0173"},"content":{"rendered":"<p>Neprofesionaliam naudojimui!Pneumatinis ver\u017elias\u016bkis\u00a01\/2&quot;<\/p>\n<p>\u012erankis neskirtas rat\u0173 atsukimui (&quot;nurovimui prikepusi\u0173 var\u017et\u0173&quot;)<br \/>\nSukimas \u012f kair\u0119\/de\u0161in\u0119<br \/>\nSm\u016bgio j\u0117ga reguliuojama su reguliavimo var\u017etu<br \/>\nSukimo momentas: 312 Nm<br \/>\nS\u016bkiai laisva eiga: 7000 obr.\/min<br \/>\nVidutinis oro sunaudojimas: 140 L\/min<br \/>\nDarbinis oro sl\u0117gis: 6 bar<\/p>\n<p>Pneumatin\u0117 rankena\u00a01\/2&quot;<\/p>\n<p>Sukimas \u012f\u00a0kair\u0119\/de\u0161in\u0119<br \/>\nGrei\u010dio reguliavimo svirtis<br \/>\nSukimo momentas: 60 Nm<br \/>\nS\u016bkiai laisva eiga: 150 obr.\/min<br \/>\nVidutinis oro sunaudojimas\u00a0113 L\/min<br \/>\nDarbinis oro sl\u0117gis\u00a06 bar<\/p>\n<p>Pneumatinis plaktukas<\/p>\n<p>Sm\u016bgio j\u0117ga reguliuojama su reguliavimo var\u017etu<br \/>\nVidutinis oro sunaudojimas 95 L\/min<br \/>\nS\u016bkiai laisva eiga: 4500 rpm<br \/>\nDarbinis oro sl\u0117gis 6 bar<\/p>\n<p>\u0160lifuoklis<\/p>\n<p>Grei\u010dio reguliavimo svirtis<br \/>\nS\u016bkiai laisva eiga: 25 000 rpm<br \/>\nVidutinis oro sunaudojimas\u00a0110 L\/min<br \/>\nDarbinis oro sl\u0117gis 6 bar<\/p>\n<p>Komplekt\u0105 sudaro:<\/p>\n<p>1x Pneumatinis ver\u017elias\u016bkis 1\/2&quot;<br \/>\n1x Pneumatin\u0117 rankena\u00a01\/2&quot;<br \/>\n1x Pneumatinis plaktukas<br \/>\n3x\u00a0Kaltai<br \/>\n1x\u00a0Spyruokl\u0117 pnaumatiniam plaktukui<br \/>\n1x\u00a0\u0161lifuoklis<br \/>\n5x\u00a0Keramikiniai ratai \u0161lifuokliui<br \/>\n5x Oro jungtys<br \/>\n1x Greita jungtis<br \/>\n2x\u00a0Raktai<br \/>\n1x\u00a0Tepalo indas<br \/>\n10x\u00a0Sm\u016bgini\u0173 galv\u0173:\u00a010, 11, 13, 14, 17, 19, 21, 22, 24, 27 mm<\/p>","protected":false},"excerpt":{"rendered":"<p>Pneumatini\u0173 \u012franki\u0173 komplektas 33dali\u0173<\/p>","protected":false},"featured_media":248430,"comment_status":"open","ping_status":"open","template":"","meta":[],"product_cat":[10000],"product_tag":[9810],"class_list":{"0":"post-401579","1":"product","2":"type-product","3":"status-publish","4":"has-post-thumbnail","6":"product_brand-geko-lenkija","7":"product_cat-pneumatiniai-irankiai","8":"product_tag-geko-lenkija","10":"first","11":"outofstock","12":"purchasable","13":"product-type-simple"},"jetpack_sharing_enabled":true,"_links":{"self":[{"href":"https:\/\/irankiuzona.lt\/ru\/wp-json\/wp\/v2\/product\/401579","targetHints":{"allow":["GET"]}}],"collection":[{"href":"https:\/\/irankiuzona.lt\/ru\/wp-json\/wp\/v2\/product"}],"about":[{"href":"https:\/\/irankiuzona.lt\/ru\/wp-json\/wp\/v2\/types\/product"}],"replies":[{"embeddable":true,"href":"https:\/\/irankiuzona.lt\/ru\/wp-json\/wp\/v2\/comments?post=401579"}],"version-history":[{"count":1,"href":"https:\/\/irankiuzona.lt\/ru\/wp-json\/wp\/v2\/product\/401579\/revisions"}],"predecessor-version":[{"id":418169,"href":"https:\/\/irankiuzona.lt\/ru\/wp-json\/wp\/v2\/product\/401579\/revisions\/418169"}],"wp:featuredmedia":[{"embeddable":true,"href":"https:\/\/irankiuzona.lt\/ru\/wp-json\/wp\/v2\/media\/248430"}],"wp:attachment":[{"href":"https:\/\/irankiuzona.lt\/ru\/wp-json\/wp\/v2\/media?parent=401579"}],"wp:term":[{"taxonomy":"product_cat","embeddable":true,"href":"https:\/\/irankiuzona.lt\/ru\/wp-json\/wp\/v2\/product_cat?post=401579"},{"taxonomy":"product_tag","embeddable":true,"href":"https:\/\/irankiuzona.lt\/ru\/wp-json\/wp\/v2\/product_tag?post=401579"}],"curies":[{"name":"wp","href":"https:\/\/api.w.org\/{rel}","templated":true}]}}