{"id":401583,"date":"2025-05-12T15:44:49","date_gmt":"2025-05-12T15:44:49","guid":{"rendered":"https:\/\/irankiuzona.lt\/product\/svirkstas-alyvai-1000ml-lanksti-ir-standi-zarnele-2\/"},"modified":"2026-04-17T19:04:52","modified_gmt":"2026-04-17T19:04:52","slug":"svirkstas-alyvai-1000ml-lanksti-ir-standi-zarnele-2","status":"publish","type":"product","link":"https:\/\/irankiuzona.lt\/ru\/product\/svirkstas-alyvai-1000ml-lanksti-ir-standi-zarnele-2\/","title":{"rendered":"\u0160virk\u0161tas alyvai 1000ml, lanksti ir standi \u017earnel\u0117"},"content":{"rendered":"<p>Techniniai duomenys:<\/p>\n<p>T\u016bris: 1000 ml<br \/>\nVamzd\u017eio skersmui: 56 mm<br \/>\nMetalinis lenktas vamzdelis 12&#215;240 mm<br \/>\nLanksti \u017earnel\u0117 12&#215;290 mm<\/p>","protected":false},"excerpt":{"rendered":"<p>\u0160virk\u0161tas alyvai 1000ml, lanksti ir standi \u017earnel\u0117<\/p>","protected":false},"featured_media":248436,"comment_status":"open","ping_status":"open","template":"","meta":[],"product_cat":[9490],"product_tag":[9810],"class_list":{"0":"post-401583","1":"product","2":"type-product","3":"status-publish","4":"has-post-thumbnail","6":"product_brand-geko-lenkija","7":"product_cat-svirkstai-tepalams-alyvai","8":"product_tag-geko-lenkija","10":"first","11":"instock","12":"purchasable","13":"product-type-simple"},"jetpack_sharing_enabled":true,"_links":{"self":[{"href":"https:\/\/irankiuzona.lt\/ru\/wp-json\/wp\/v2\/product\/401583","targetHints":{"allow":["GET"]}}],"collection":[{"href":"https:\/\/irankiuzona.lt\/ru\/wp-json\/wp\/v2\/product"}],"about":[{"href":"https:\/\/irankiuzona.lt\/ru\/wp-json\/wp\/v2\/types\/product"}],"replies":[{"embeddable":true,"href":"https:\/\/irankiuzona.lt\/ru\/wp-json\/wp\/v2\/comments?post=401583"}],"version-history":[{"count":1,"href":"https:\/\/irankiuzona.lt\/ru\/wp-json\/wp\/v2\/product\/401583\/revisions"}],"predecessor-version":[{"id":418171,"href":"https:\/\/irankiuzona.lt\/ru\/wp-json\/wp\/v2\/product\/401583\/revisions\/418171"}],"wp:featuredmedia":[{"embeddable":true,"href":"https:\/\/irankiuzona.lt\/ru\/wp-json\/wp\/v2\/media\/248436"}],"wp:attachment":[{"href":"https:\/\/irankiuzona.lt\/ru\/wp-json\/wp\/v2\/media?parent=401583"}],"wp:term":[{"taxonomy":"product_cat","embeddable":true,"href":"https:\/\/irankiuzona.lt\/ru\/wp-json\/wp\/v2\/product_cat?post=401583"},{"taxonomy":"product_tag","embeddable":true,"href":"https:\/\/irankiuzona.lt\/ru\/wp-json\/wp\/v2\/product_tag?post=401583"}],"curies":[{"name":"wp","href":"https:\/\/api.w.org\/{rel}","templated":true}]}}