{"id":401585,"date":"2025-05-12T15:44:50","date_gmt":"2025-05-12T15:44:50","guid":{"rendered":"https:\/\/irankiuzona.lt\/product\/svirkstas-skystam-tepalui-400ml-skaidrus-3\/"},"modified":"2026-04-17T20:52:15","modified_gmt":"2026-04-17T20:52:15","slug":"svirkstas-skystam-tepalui-400ml-skaidrus-3","status":"publish","type":"product","link":"https:\/\/irankiuzona.lt\/ru\/product\/svirkstas-skystam-tepalui-400ml-skaidrus-3\/","title":{"rendered":"\u0160virk\u0161tas skystam tepalui 400ml skaidrus"},"content":{"rendered":"<p>Alyvos i\u0161siurbimo ir pripildymo \u0161virk\u0161tas puikiai tinka kei\u010diant tepal\u0105 varikliuose, grei\u010di\u0173 d\u0117\u017e\u0117se. Permatoma talpa leid\u017eia lengvai matyti tepalo spalv\u0105.Talpa: 400mlTalpos diametras: 60mmKomplekte lanksti permatoma \u017earnel\u0117 12mm storio \/ 230mm ilgio<\/p>","protected":false},"excerpt":{"rendered":"<p>Skaidrus \u0161virk\u0161tas tepalui 400ml talpos<\/p>","protected":false},"featured_media":185426,"comment_status":"open","ping_status":"open","template":"","meta":[],"product_cat":[9490],"product_tag":[9810],"class_list":{"0":"post-401585","1":"product","2":"type-product","3":"status-publish","4":"has-post-thumbnail","6":"product_brand-geko-lenkija","7":"product_cat-svirkstai-tepalams-alyvai","8":"product_tag-geko-lenkija","10":"first","11":"outofstock","12":"purchasable","13":"product-type-simple"},"jetpack_sharing_enabled":true,"_links":{"self":[{"href":"https:\/\/irankiuzona.lt\/ru\/wp-json\/wp\/v2\/product\/401585","targetHints":{"allow":["GET"]}}],"collection":[{"href":"https:\/\/irankiuzona.lt\/ru\/wp-json\/wp\/v2\/product"}],"about":[{"href":"https:\/\/irankiuzona.lt\/ru\/wp-json\/wp\/v2\/types\/product"}],"replies":[{"embeddable":true,"href":"https:\/\/irankiuzona.lt\/ru\/wp-json\/wp\/v2\/comments?post=401585"}],"version-history":[{"count":1,"href":"https:\/\/irankiuzona.lt\/ru\/wp-json\/wp\/v2\/product\/401585\/revisions"}],"predecessor-version":[{"id":418172,"href":"https:\/\/irankiuzona.lt\/ru\/wp-json\/wp\/v2\/product\/401585\/revisions\/418172"}],"wp:featuredmedia":[{"embeddable":true,"href":"https:\/\/irankiuzona.lt\/ru\/wp-json\/wp\/v2\/media\/185426"}],"wp:attachment":[{"href":"https:\/\/irankiuzona.lt\/ru\/wp-json\/wp\/v2\/media?parent=401585"}],"wp:term":[{"taxonomy":"product_cat","embeddable":true,"href":"https:\/\/irankiuzona.lt\/ru\/wp-json\/wp\/v2\/product_cat?post=401585"},{"taxonomy":"product_tag","embeddable":true,"href":"https:\/\/irankiuzona.lt\/ru\/wp-json\/wp\/v2\/product_tag?post=401585"}],"curies":[{"name":"wp","href":"https:\/\/api.w.org\/{rel}","templated":true}]}}