{"id":401589,"date":"2025-05-12T15:44:53","date_gmt":"2025-05-12T15:44:53","guid":{"rendered":"https:\/\/irankiuzona.lt\/product\/presavimo-reples-laidams-6-50mm2-2\/"},"modified":"2026-03-12T18:35:41","modified_gmt":"2026-03-12T18:35:41","slug":"presavimo-reples-laidams-6-50mm2-2","status":"publish","type":"product","link":"https:\/\/irankiuzona.lt\/ru\/product\/presavimo-reples-laidams-6-50mm2-2\/","title":{"rendered":"Presavimo repl\u0117s laidams 6-50mm2"},"content":{"rendered":"<p>Prek\u0117s savyb\u0117s:<\/p>\n<p>darbinis diapazonas 6 &#8211; 50 mm<br \/>\nprispaudimo j\u0117ga 8 tonos<br \/>\npreso galvute yra besisukantys presavimo \u0161tampai 6,10,16,20,25,35,50<br \/>\nkaltinis \u012franki\u0173 plienas<br \/>\nmink\u0161tas ir kont\u016brinis rankenos sukibimas<br \/>\ngalima valdyti viena ar dviem rankomis<br \/>\ngumin\u0117s rankenos<br \/>\nbendras \u012frankio ilgis &#8211; 390 mm<\/p>","protected":false},"excerpt":{"rendered":"<p>Presavimo repl\u0117s laidams 6-50mm2<\/p>","protected":false},"featured_media":248443,"comment_status":"open","ping_status":"open","template":"","meta":[],"product_cat":[9587],"product_tag":[9810],"class_list":{"0":"post-401589","1":"product","2":"type-product","3":"status-publish","4":"has-post-thumbnail","6":"product_brand-geko-lenkija","7":"product_cat-elektriko-reples","8":"product_tag-geko-lenkija","10":"first","11":"outofstock","12":"purchasable","13":"product-type-simple"},"jetpack_sharing_enabled":true,"_links":{"self":[{"href":"https:\/\/irankiuzona.lt\/ru\/wp-json\/wp\/v2\/product\/401589","targetHints":{"allow":["GET"]}}],"collection":[{"href":"https:\/\/irankiuzona.lt\/ru\/wp-json\/wp\/v2\/product"}],"about":[{"href":"https:\/\/irankiuzona.lt\/ru\/wp-json\/wp\/v2\/types\/product"}],"replies":[{"embeddable":true,"href":"https:\/\/irankiuzona.lt\/ru\/wp-json\/wp\/v2\/comments?post=401589"}],"version-history":[{"count":1,"href":"https:\/\/irankiuzona.lt\/ru\/wp-json\/wp\/v2\/product\/401589\/revisions"}],"predecessor-version":[{"id":418174,"href":"https:\/\/irankiuzona.lt\/ru\/wp-json\/wp\/v2\/product\/401589\/revisions\/418174"}],"wp:featuredmedia":[{"embeddable":true,"href":"https:\/\/irankiuzona.lt\/ru\/wp-json\/wp\/v2\/media\/248443"}],"wp:attachment":[{"href":"https:\/\/irankiuzona.lt\/ru\/wp-json\/wp\/v2\/media?parent=401589"}],"wp:term":[{"taxonomy":"product_cat","embeddable":true,"href":"https:\/\/irankiuzona.lt\/ru\/wp-json\/wp\/v2\/product_cat?post=401589"},{"taxonomy":"product_tag","embeddable":true,"href":"https:\/\/irankiuzona.lt\/ru\/wp-json\/wp\/v2\/product_tag?post=401589"}],"curies":[{"name":"wp","href":"https:\/\/api.w.org\/{rel}","templated":true}]}}