{"id":401593,"date":"2025-05-12T15:44:56","date_gmt":"2025-05-12T15:44:56","guid":{"rendered":"https:\/\/irankiuzona.lt\/product\/saltkalvio-spaustuvai-100-mm-sukinejami-2\/"},"modified":"2026-04-16T17:01:38","modified_gmt":"2026-04-16T17:01:38","slug":"saltkalvio-spaustuvai-100-mm-sukinejami-2","status":"publish","type":"product","link":"https:\/\/irankiuzona.lt\/ru\/product\/saltkalvio-spaustuvai-100-mm-sukinejami-2\/","title":{"rendered":"\u0160altkalvio spaustuvai 100 mm, sukin\u0117jami"},"content":{"rendered":"<p>Technin\u0117s specifikacijos\u017eandikaulio dydis: 100 mm\u017eandikaulio auk\u0161tis: 17 mmmaksimali anga: 75 mmpriekalas: 70 x 60 mmtvirtinimo skyli\u0173 atstumas: 95 x 95 x 135 mmSvoris 5,2kg<\/p>","protected":false},"excerpt":{"rendered":"<p>\u0160altkalvio spaustuvai 100 mm, sukin\u0117jami<\/p>","protected":false},"featured_media":248452,"comment_status":"open","ping_status":"open","template":"","meta":[],"product_cat":[9635],"product_tag":[9810],"class_list":{"0":"post-401593","1":"product","2":"type-product","3":"status-publish","4":"has-post-thumbnail","6":"product_brand-geko-lenkija","7":"product_cat-saltkalvio-sukinejami","8":"product_tag-geko-lenkija","10":"first","11":"instock","12":"purchasable","13":"product-type-simple"},"jetpack_sharing_enabled":true,"_links":{"self":[{"href":"https:\/\/irankiuzona.lt\/ru\/wp-json\/wp\/v2\/product\/401593","targetHints":{"allow":["GET"]}}],"collection":[{"href":"https:\/\/irankiuzona.lt\/ru\/wp-json\/wp\/v2\/product"}],"about":[{"href":"https:\/\/irankiuzona.lt\/ru\/wp-json\/wp\/v2\/types\/product"}],"replies":[{"embeddable":true,"href":"https:\/\/irankiuzona.lt\/ru\/wp-json\/wp\/v2\/comments?post=401593"}],"version-history":[{"count":1,"href":"https:\/\/irankiuzona.lt\/ru\/wp-json\/wp\/v2\/product\/401593\/revisions"}],"predecessor-version":[{"id":418176,"href":"https:\/\/irankiuzona.lt\/ru\/wp-json\/wp\/v2\/product\/401593\/revisions\/418176"}],"wp:featuredmedia":[{"embeddable":true,"href":"https:\/\/irankiuzona.lt\/ru\/wp-json\/wp\/v2\/media\/248452"}],"wp:attachment":[{"href":"https:\/\/irankiuzona.lt\/ru\/wp-json\/wp\/v2\/media?parent=401593"}],"wp:term":[{"taxonomy":"product_cat","embeddable":true,"href":"https:\/\/irankiuzona.lt\/ru\/wp-json\/wp\/v2\/product_cat?post=401593"},{"taxonomy":"product_tag","embeddable":true,"href":"https:\/\/irankiuzona.lt\/ru\/wp-json\/wp\/v2\/product_tag?post=401593"}],"curies":[{"name":"wp","href":"https:\/\/api.w.org\/{rel}","templated":true}]}}