{"id":401595,"date":"2025-05-12T15:45:00","date_gmt":"2025-05-12T15:45:00","guid":{"rendered":"https:\/\/irankiuzona.lt\/product\/saltkalvio-spaustuvai-125-mm-sukinejami-2\/"},"modified":"2026-05-15T05:03:59","modified_gmt":"2026-05-15T05:03:59","slug":"saltkalvio-spaustuvai-125-mm-sukinejami-2","status":"publish","type":"product","link":"https:\/\/irankiuzona.lt\/ru\/product\/saltkalvio-spaustuvai-125-mm-sukinejami-2\/","title":{"rendered":"\u0160altkalvio spaustuvai 125 mm, sukin\u0117jami"},"content":{"rendered":"<p>Prek\u0117s savyb\u0117spagaminti i\u0161 auk\u0161tos kokyb\u0117s med\u017eiag\u0173ilgaam\u017e\u0117 ir tvirta konstrukcijagalima pasukti 360 \u00b0<br \/>\nTechnin\u0117s specifikacijos\u017eandikaulio dydis: 125 mm\u017eandikaulio auk\u0161tis: 16 mmmaksimali anga: 85 mmauk\u0161tis: 130 mmpriekalas: 63 x 63 mmtvirtinimo skyli\u0173 atstumas: 95 x 95 x 135 mmSvoris:6kg<\/p>","protected":false},"excerpt":{"rendered":"<p>\u0160altkalvio spaustuvai 125 mm, sukin\u0117jami<\/p>","protected":false},"featured_media":248461,"comment_status":"open","ping_status":"open","template":"","meta":[],"product_cat":[9635],"product_tag":[9810],"class_list":{"0":"post-401595","1":"product","2":"type-product","3":"status-publish","4":"has-post-thumbnail","6":"product_brand-geko-lenkija","7":"product_cat-saltkalvio-sukinejami","8":"product_tag-geko-lenkija","10":"first","11":"outofstock","12":"purchasable","13":"product-type-simple"},"jetpack_sharing_enabled":true,"_links":{"self":[{"href":"https:\/\/irankiuzona.lt\/ru\/wp-json\/wp\/v2\/product\/401595","targetHints":{"allow":["GET"]}}],"collection":[{"href":"https:\/\/irankiuzona.lt\/ru\/wp-json\/wp\/v2\/product"}],"about":[{"href":"https:\/\/irankiuzona.lt\/ru\/wp-json\/wp\/v2\/types\/product"}],"replies":[{"embeddable":true,"href":"https:\/\/irankiuzona.lt\/ru\/wp-json\/wp\/v2\/comments?post=401595"}],"version-history":[{"count":1,"href":"https:\/\/irankiuzona.lt\/ru\/wp-json\/wp\/v2\/product\/401595\/revisions"}],"predecessor-version":[{"id":418179,"href":"https:\/\/irankiuzona.lt\/ru\/wp-json\/wp\/v2\/product\/401595\/revisions\/418179"}],"wp:featuredmedia":[{"embeddable":true,"href":"https:\/\/irankiuzona.lt\/ru\/wp-json\/wp\/v2\/media\/248461"}],"wp:attachment":[{"href":"https:\/\/irankiuzona.lt\/ru\/wp-json\/wp\/v2\/media?parent=401595"}],"wp:term":[{"taxonomy":"product_cat","embeddable":true,"href":"https:\/\/irankiuzona.lt\/ru\/wp-json\/wp\/v2\/product_cat?post=401595"},{"taxonomy":"product_tag","embeddable":true,"href":"https:\/\/irankiuzona.lt\/ru\/wp-json\/wp\/v2\/product_tag?post=401595"}],"curies":[{"name":"wp","href":"https:\/\/api.w.org\/{rel}","templated":true}]}}