{"id":401601,"date":"2025-05-12T15:45:06","date_gmt":"2025-05-12T15:45:06","guid":{"rendered":"https:\/\/irankiuzona.lt\/product\/spaustuvai-75mm-2\/"},"modified":"2026-04-07T18:43:11","modified_gmt":"2026-04-07T18:43:11","slug":"spaustuvai-75mm-2","status":"publish","type":"product","link":"https:\/\/irankiuzona.lt\/ru\/product\/spaustuvai-75mm-2\/","title":{"rendered":"Spaustuvai  75mm"},"content":{"rendered":"<p>Techniniai duomenys\u017dandikaulio talpa: 75 mm\u017dandikaulio auk\u0161tis: 20 mmMed\u017eiaga: ketaus, plienoApdirbtas velenas skland\u017eiam darbuiSvoris:1,5kg<\/p>","protected":false},"excerpt":{"rendered":"<p>Spaustuvai\u00a0 75mm<\/p>","protected":false},"featured_media":248470,"comment_status":"open","ping_status":"open","template":"","meta":[],"product_cat":[9720],"product_tag":[9810],"class_list":{"0":"post-401601","1":"product","2":"type-product","3":"status-publish","4":"has-post-thumbnail","6":"product_brand-geko-lenkija","7":"product_cat-rankiniai-spaustuvai","8":"product_tag-geko-lenkija","10":"first","11":"instock","12":"purchasable","13":"product-type-simple"},"jetpack_sharing_enabled":true,"_links":{"self":[{"href":"https:\/\/irankiuzona.lt\/ru\/wp-json\/wp\/v2\/product\/401601","targetHints":{"allow":["GET"]}}],"collection":[{"href":"https:\/\/irankiuzona.lt\/ru\/wp-json\/wp\/v2\/product"}],"about":[{"href":"https:\/\/irankiuzona.lt\/ru\/wp-json\/wp\/v2\/types\/product"}],"replies":[{"embeddable":true,"href":"https:\/\/irankiuzona.lt\/ru\/wp-json\/wp\/v2\/comments?post=401601"}],"version-history":[{"count":0,"href":"https:\/\/irankiuzona.lt\/ru\/wp-json\/wp\/v2\/product\/401601\/revisions"}],"wp:featuredmedia":[{"embeddable":true,"href":"https:\/\/irankiuzona.lt\/ru\/wp-json\/wp\/v2\/media\/248470"}],"wp:attachment":[{"href":"https:\/\/irankiuzona.lt\/ru\/wp-json\/wp\/v2\/media?parent=401601"}],"wp:term":[{"taxonomy":"product_cat","embeddable":true,"href":"https:\/\/irankiuzona.lt\/ru\/wp-json\/wp\/v2\/product_cat?post=401601"},{"taxonomy":"product_tag","embeddable":true,"href":"https:\/\/irankiuzona.lt\/ru\/wp-json\/wp\/v2\/product_tag?post=401601"}],"curies":[{"name":"wp","href":"https:\/\/api.w.org\/{rel}","templated":true}]}}