{"id":401603,"date":"2025-05-12T15:45:08","date_gmt":"2025-05-12T15:45:08","guid":{"rendered":"https:\/\/irankiuzona.lt\/product\/spaustuvai-150mm-3\/"},"modified":"2026-04-10T14:49:56","modified_gmt":"2026-04-10T14:49:56","slug":"spaustuvai-150mm-3","status":"publish","type":"product","link":"https:\/\/irankiuzona.lt\/ru\/product\/spaustuvai-150mm-3\/","title":{"rendered":"Spaustuvai  150mm"},"content":{"rendered":"<p>Techniniai duomenys\u017dandikaulio talpa: 150 mm\u017dandikaulio auk\u0161tis: 24 mmMed\u017eiaga: ketaus, plienoApdirbtas velenas skland\u017eiam darbuiSvoris:4,2kg<\/p>","protected":false},"excerpt":{"rendered":"<p>Spaustuvai\u00a0 150mm<\/p>","protected":false},"featured_media":185450,"comment_status":"open","ping_status":"open","template":"","meta":[],"product_cat":[9720],"product_tag":[9810],"class_list":{"0":"post-401603","1":"product","2":"type-product","3":"status-publish","4":"has-post-thumbnail","6":"product_brand-geko-lenkija","7":"product_cat-rankiniai-spaustuvai","8":"product_tag-geko-lenkija","10":"first","11":"instock","12":"purchasable","13":"product-type-simple"},"jetpack_sharing_enabled":true,"_links":{"self":[{"href":"https:\/\/irankiuzona.lt\/ru\/wp-json\/wp\/v2\/product\/401603","targetHints":{"allow":["GET"]}}],"collection":[{"href":"https:\/\/irankiuzona.lt\/ru\/wp-json\/wp\/v2\/product"}],"about":[{"href":"https:\/\/irankiuzona.lt\/ru\/wp-json\/wp\/v2\/types\/product"}],"replies":[{"embeddable":true,"href":"https:\/\/irankiuzona.lt\/ru\/wp-json\/wp\/v2\/comments?post=401603"}],"version-history":[{"count":1,"href":"https:\/\/irankiuzona.lt\/ru\/wp-json\/wp\/v2\/product\/401603\/revisions"}],"predecessor-version":[{"id":418183,"href":"https:\/\/irankiuzona.lt\/ru\/wp-json\/wp\/v2\/product\/401603\/revisions\/418183"}],"wp:featuredmedia":[{"embeddable":true,"href":"https:\/\/irankiuzona.lt\/ru\/wp-json\/wp\/v2\/media\/185450"}],"wp:attachment":[{"href":"https:\/\/irankiuzona.lt\/ru\/wp-json\/wp\/v2\/media?parent=401603"}],"wp:term":[{"taxonomy":"product_cat","embeddable":true,"href":"https:\/\/irankiuzona.lt\/ru\/wp-json\/wp\/v2\/product_cat?post=401603"},{"taxonomy":"product_tag","embeddable":true,"href":"https:\/\/irankiuzona.lt\/ru\/wp-json\/wp\/v2\/product_tag?post=401603"}],"curies":[{"name":"wp","href":"https:\/\/api.w.org\/{rel}","templated":true}]}}