{"id":401615,"date":"2025-05-12T15:45:19","date_gmt":"2025-05-12T15:45:19","guid":{"rendered":"https:\/\/irankiuzona.lt\/product\/domkratas-pneumatinis-3-5-tonos-3-oro-pagalves-2\/"},"modified":"2026-04-15T15:33:06","modified_gmt":"2026-04-15T15:33:06","slug":"domkratas-pneumatinis-3-5-tonos-3-oro-pagalves-2","status":"publish","type":"product","link":"https:\/\/irankiuzona.lt\/ru\/product\/domkratas-pneumatinis-3-5-tonos-3-oro-pagalves-2\/","title":{"rendered":"Domkratas pneumatinis 3.5 tonos \/ 3 oro pagalv\u0117s"},"content":{"rendered":"<p>Techniniai duomenysDid\u017eiausia apkrova: 3500 kgMa\u017eiausias k\u0117limo auk\u0161tis: 150 mmMaksimalus k\u0117limo auk\u0161tis: 500 mmGumin\u0117s pagalv\u0117l\u0117s skersmuo: 270 mmGumin\u0117s trinkel\u0117s skersmuo: 100 mmDarbinis sl\u0117gis: 7 &#8211; 10 bar\u0173Papildomos funkcijos: apsauginis vo\u017etuvas esant 10 bar\u0173 sl\u0117giuiSvoris 21 kg<\/p>","protected":false},"excerpt":{"rendered":"<p>Domkratas pneumatinis 3.5 tonos \/ 3 oro pagalv\u0117s<\/p>","protected":false},"featured_media":248488,"comment_status":"open","ping_status":"closed","template":"","meta":[],"product_cat":[10056],"product_tag":[9810],"class_list":{"0":"post-401615","1":"product","2":"type-product","3":"status-publish","4":"has-post-thumbnail","6":"product_brand-geko-lenkija","7":"product_cat-domkratai-su-oro-pagalvemis","8":"product_tag-geko-lenkija","10":"first","11":"outofstock","12":"purchasable","13":"product-type-simple"},"jetpack_sharing_enabled":true,"_links":{"self":[{"href":"https:\/\/irankiuzona.lt\/ru\/wp-json\/wp\/v2\/product\/401615","targetHints":{"allow":["GET"]}}],"collection":[{"href":"https:\/\/irankiuzona.lt\/ru\/wp-json\/wp\/v2\/product"}],"about":[{"href":"https:\/\/irankiuzona.lt\/ru\/wp-json\/wp\/v2\/types\/product"}],"replies":[{"embeddable":true,"href":"https:\/\/irankiuzona.lt\/ru\/wp-json\/wp\/v2\/comments?post=401615"}],"version-history":[{"count":1,"href":"https:\/\/irankiuzona.lt\/ru\/wp-json\/wp\/v2\/product\/401615\/revisions"}],"predecessor-version":[{"id":418188,"href":"https:\/\/irankiuzona.lt\/ru\/wp-json\/wp\/v2\/product\/401615\/revisions\/418188"}],"wp:featuredmedia":[{"embeddable":true,"href":"https:\/\/irankiuzona.lt\/ru\/wp-json\/wp\/v2\/media\/248488"}],"wp:attachment":[{"href":"https:\/\/irankiuzona.lt\/ru\/wp-json\/wp\/v2\/media?parent=401615"}],"wp:term":[{"taxonomy":"product_cat","embeddable":true,"href":"https:\/\/irankiuzona.lt\/ru\/wp-json\/wp\/v2\/product_cat?post=401615"},{"taxonomy":"product_tag","embeddable":true,"href":"https:\/\/irankiuzona.lt\/ru\/wp-json\/wp\/v2\/product_tag?post=401615"}],"curies":[{"name":"wp","href":"https:\/\/api.w.org\/{rel}","templated":true}]}}