{"id":401643,"date":"2025-05-12T15:45:45","date_gmt":"2025-05-12T15:45:45","guid":{"rendered":"https:\/\/irankiuzona.lt\/product\/hidraulinis-presas-20-tonu-su-kojine-pavara-2\/"},"modified":"2026-04-09T12:49:27","modified_gmt":"2026-04-09T12:49:27","slug":"hidraulinis-presas-20-tonu-su-kojine-pavara-2","status":"publish","type":"product","link":"https:\/\/irankiuzona.lt\/ru\/product\/hidraulinis-presas-20-tonu-su-kojine-pavara-2\/","title":{"rendered":"Hidraulinis presas 20 ton\u0173 su kojine pavara"},"content":{"rendered":"<p>Naujas modelis Kojinis ir rankinis valdymasAuk\u0161tos klas\u0117s hidraulinis presas su dviej\u0173 grei\u010di\u0173 siurbliu, slankomu cilindru bei tvirta konstrukcija \u2013 nepakei\u010diamas pagalbininkas kiekvienose dirbtuv\u0117se.Galia \u2013 20 ton\u0173;Darbinis auk\u0161tis 0-970 mm;8 auk\u0161\u010dio lygiai;Presavimo stalo plotis \u2013 510 mm;Hidraulinio cilindro diametras \u2013 47 mm;Integruotas manometras;Dviej\u0173\u00a0 pakop\u0173 hidraulinis siurblys \u2013 greitam ir preciziniam valdymui;Kompakti\u0161ka siurblio konstrukcija;Komplekte dvi presavimo prizm\u0117s;Reguliuojama hidraulinio cilindro pozicija (kair\u0117-de\u0161in\u0117);R\u0117mas pagamintas i\u0161 auk\u0161tos klas\u0117s \u012frankinio plieno;Svoris \u2013 100 kg<\/p>","protected":false},"excerpt":{"rendered":"<p>Hidraulinis presas 20 ton\u0173 su kojine pavara<\/p>","protected":false},"featured_media":185496,"comment_status":"open","ping_status":"open","template":"","meta":[],"product_cat":[9946],"product_tag":[9810],"class_list":{"0":"post-401643","1":"product","2":"type-product","3":"status-publish","4":"has-post-thumbnail","6":"product_brand-geko-lenkija","7":"product_cat-hidrauliniai-presai","8":"product_tag-geko-lenkija","10":"first","11":"outofstock","12":"purchasable","13":"product-type-simple"},"jetpack_sharing_enabled":true,"_links":{"self":[{"href":"https:\/\/irankiuzona.lt\/ru\/wp-json\/wp\/v2\/product\/401643","targetHints":{"allow":["GET"]}}],"collection":[{"href":"https:\/\/irankiuzona.lt\/ru\/wp-json\/wp\/v2\/product"}],"about":[{"href":"https:\/\/irankiuzona.lt\/ru\/wp-json\/wp\/v2\/types\/product"}],"replies":[{"embeddable":true,"href":"https:\/\/irankiuzona.lt\/ru\/wp-json\/wp\/v2\/comments?post=401643"}],"version-history":[{"count":1,"href":"https:\/\/irankiuzona.lt\/ru\/wp-json\/wp\/v2\/product\/401643\/revisions"}],"predecessor-version":[{"id":418204,"href":"https:\/\/irankiuzona.lt\/ru\/wp-json\/wp\/v2\/product\/401643\/revisions\/418204"}],"wp:featuredmedia":[{"embeddable":true,"href":"https:\/\/irankiuzona.lt\/ru\/wp-json\/wp\/v2\/media\/185496"}],"wp:attachment":[{"href":"https:\/\/irankiuzona.lt\/ru\/wp-json\/wp\/v2\/media?parent=401643"}],"wp:term":[{"taxonomy":"product_cat","embeddable":true,"href":"https:\/\/irankiuzona.lt\/ru\/wp-json\/wp\/v2\/product_cat?post=401643"},{"taxonomy":"product_tag","embeddable":true,"href":"https:\/\/irankiuzona.lt\/ru\/wp-json\/wp\/v2\/product_tag?post=401643"}],"curies":[{"name":"wp","href":"https:\/\/api.w.org\/{rel}","templated":true}]}}