{"id":401645,"date":"2025-05-12T15:45:46","date_gmt":"2025-05-12T15:45:46","guid":{"rendered":"https:\/\/irankiuzona.lt\/product\/hidraulinis-presas-20-tonu-be-manometro-3\/"},"modified":"2026-05-15T02:49:25","modified_gmt":"2026-05-15T02:49:25","slug":"hidraulinis-presas-20-tonu-be-manometro-3","status":"publish","type":"product","link":"https:\/\/irankiuzona.lt\/ru\/product\/hidraulinis-presas-20-tonu-be-manometro-3\/","title":{"rendered":"Hidraulinis presas 20 ton\u0173 be manometro"},"content":{"rendered":"<p>Naujas modelisGalia 20 ton\u0173Cilindro eiga 145mmMaks. darbin\u0117 zona 0 &#8211; 680mmGabaritiniai matmenys 600x505x1565mmSvoris 74 kg<\/p>","protected":false},"excerpt":{"rendered":"<p>Hidraulinis presas 20 ton\u0173 be manometro<\/p>","protected":false},"featured_media":185498,"comment_status":"open","ping_status":"open","template":"","meta":[],"product_cat":[9946],"product_tag":[9810],"class_list":{"0":"post-401645","1":"product","2":"type-product","3":"status-publish","4":"has-post-thumbnail","6":"product_brand-geko-lenkija","7":"product_cat-hidrauliniai-presai","8":"product_tag-geko-lenkija","10":"first","11":"instock","12":"purchasable","13":"product-type-simple"},"jetpack_sharing_enabled":true,"_links":{"self":[{"href":"https:\/\/irankiuzona.lt\/ru\/wp-json\/wp\/v2\/product\/401645","targetHints":{"allow":["GET"]}}],"collection":[{"href":"https:\/\/irankiuzona.lt\/ru\/wp-json\/wp\/v2\/product"}],"about":[{"href":"https:\/\/irankiuzona.lt\/ru\/wp-json\/wp\/v2\/types\/product"}],"replies":[{"embeddable":true,"href":"https:\/\/irankiuzona.lt\/ru\/wp-json\/wp\/v2\/comments?post=401645"}],"version-history":[{"count":1,"href":"https:\/\/irankiuzona.lt\/ru\/wp-json\/wp\/v2\/product\/401645\/revisions"}],"predecessor-version":[{"id":418205,"href":"https:\/\/irankiuzona.lt\/ru\/wp-json\/wp\/v2\/product\/401645\/revisions\/418205"}],"wp:featuredmedia":[{"embeddable":true,"href":"https:\/\/irankiuzona.lt\/ru\/wp-json\/wp\/v2\/media\/185498"}],"wp:attachment":[{"href":"https:\/\/irankiuzona.lt\/ru\/wp-json\/wp\/v2\/media?parent=401645"}],"wp:term":[{"taxonomy":"product_cat","embeddable":true,"href":"https:\/\/irankiuzona.lt\/ru\/wp-json\/wp\/v2\/product_cat?post=401645"},{"taxonomy":"product_tag","embeddable":true,"href":"https:\/\/irankiuzona.lt\/ru\/wp-json\/wp\/v2\/product_tag?post=401645"}],"curies":[{"name":"wp","href":"https:\/\/api.w.org\/{rel}","templated":true}]}}