{"id":401647,"date":"2025-05-12T15:45:48","date_gmt":"2025-05-12T15:45:48","guid":{"rendered":"https:\/\/irankiuzona.lt\/product\/transmisijos-domkratas-500-kg-2\/"},"modified":"2026-04-17T15:16:08","modified_gmt":"2026-04-17T15:16:08","slug":"transmisijos-domkratas-500-kg-2","status":"publish","type":"product","link":"https:\/\/irankiuzona.lt\/ru\/product\/transmisijos-domkratas-500-kg-2\/","title":{"rendered":"Transmisijos domkratas 500 kg"},"content":{"rendered":"<p>Techniniai duomenysMaks. keliamoji galia: 500 kgMin. Auk\u0161tis: 1050 mmMaks. auk\u0161tis: 1820 mmK\u0117limo auk\u0161tis: 770 mmSvoris: 30 kg<\/p>","protected":false},"excerpt":{"rendered":"<p>D\u0116MESIO ATLAISVINTI NUORINIMO VAR\u017dT\u0104 PRIE\u0160 NAUDOJANT !!!Transmisijos domkratas 500kg \/ keltuvas grei\u010di\u0173 d\u0117\u017eei 500kg<\/p>","protected":false},"featured_media":248539,"comment_status":"open","ping_status":"open","template":"","meta":[],"product_cat":[9929],"product_tag":[9810],"class_list":{"0":"post-401647","1":"product","2":"type-product","3":"status-publish","4":"has-post-thumbnail","6":"product_brand-geko-lenkija","7":"product_cat-keltuvai-greiciu-dezems","8":"product_tag-geko-lenkija","10":"first","11":"outofstock","12":"purchasable","13":"product-type-simple"},"jetpack_sharing_enabled":true,"_links":{"self":[{"href":"https:\/\/irankiuzona.lt\/ru\/wp-json\/wp\/v2\/product\/401647","targetHints":{"allow":["GET"]}}],"collection":[{"href":"https:\/\/irankiuzona.lt\/ru\/wp-json\/wp\/v2\/product"}],"about":[{"href":"https:\/\/irankiuzona.lt\/ru\/wp-json\/wp\/v2\/types\/product"}],"replies":[{"embeddable":true,"href":"https:\/\/irankiuzona.lt\/ru\/wp-json\/wp\/v2\/comments?post=401647"}],"version-history":[{"count":1,"href":"https:\/\/irankiuzona.lt\/ru\/wp-json\/wp\/v2\/product\/401647\/revisions"}],"predecessor-version":[{"id":418206,"href":"https:\/\/irankiuzona.lt\/ru\/wp-json\/wp\/v2\/product\/401647\/revisions\/418206"}],"wp:featuredmedia":[{"embeddable":true,"href":"https:\/\/irankiuzona.lt\/ru\/wp-json\/wp\/v2\/media\/248539"}],"wp:attachment":[{"href":"https:\/\/irankiuzona.lt\/ru\/wp-json\/wp\/v2\/media?parent=401647"}],"wp:term":[{"taxonomy":"product_cat","embeddable":true,"href":"https:\/\/irankiuzona.lt\/ru\/wp-json\/wp\/v2\/product_cat?post=401647"},{"taxonomy":"product_tag","embeddable":true,"href":"https:\/\/irankiuzona.lt\/ru\/wp-json\/wp\/v2\/product_tag?post=401647"}],"curies":[{"name":"wp","href":"https:\/\/api.w.org\/{rel}","templated":true}]}}