{"id":401649,"date":"2025-05-12T15:47:36","date_gmt":"2025-05-12T15:47:36","guid":{"rendered":"https:\/\/irankiuzona.lt\/product\/sepetys-zalvarinis-125mm-puodelio-formos-m14-sriegiu-2\/"},"modified":"2026-04-15T16:39:47","modified_gmt":"2026-04-15T16:39:47","slug":"sepetys-zalvarinis-125mm-puodelio-formos-m14-sriegiu-2","status":"publish","type":"product","link":"https:\/\/irankiuzona.lt\/ru\/product\/sepetys-zalvarinis-125mm-puodelio-formos-m14-sriegiu-2\/","title":{"rendered":"\u0160epetys \u017ealvarinis 125mm puodelio formos M14 sriegiu"},"content":{"rendered":"<p>Diametras: 125 mmSriegis: M14 x 2 mmMax. s\u016bkiai: 6,500 rpm<\/p>","protected":false},"excerpt":{"rendered":"<p>\u0160epetys \u017ealvarinis 125mm puodelio formos \/ M14 sriegiu kampiniam \u0161lifuokliui<\/p>","protected":false},"featured_media":248817,"comment_status":"open","ping_status":"open","template":"","meta":[],"product_cat":[9450],"product_tag":[9810],"class_list":{"0":"post-401649","1":"product","2":"type-product","3":"status-publish","4":"has-post-thumbnail","6":"product_brand-geko-lenkija","7":"product_cat-sepeciai-greztuvui-slif-pj-irankiui","8":"product_tag-geko-lenkija","10":"first","11":"instock","12":"purchasable","13":"product-type-simple"},"jetpack_sharing_enabled":true,"_links":{"self":[{"href":"https:\/\/irankiuzona.lt\/ru\/wp-json\/wp\/v2\/product\/401649","targetHints":{"allow":["GET"]}}],"collection":[{"href":"https:\/\/irankiuzona.lt\/ru\/wp-json\/wp\/v2\/product"}],"about":[{"href":"https:\/\/irankiuzona.lt\/ru\/wp-json\/wp\/v2\/types\/product"}],"replies":[{"embeddable":true,"href":"https:\/\/irankiuzona.lt\/ru\/wp-json\/wp\/v2\/comments?post=401649"}],"version-history":[{"count":1,"href":"https:\/\/irankiuzona.lt\/ru\/wp-json\/wp\/v2\/product\/401649\/revisions"}],"predecessor-version":[{"id":418290,"href":"https:\/\/irankiuzona.lt\/ru\/wp-json\/wp\/v2\/product\/401649\/revisions\/418290"}],"wp:featuredmedia":[{"embeddable":true,"href":"https:\/\/irankiuzona.lt\/ru\/wp-json\/wp\/v2\/media\/248817"}],"wp:attachment":[{"href":"https:\/\/irankiuzona.lt\/ru\/wp-json\/wp\/v2\/media?parent=401649"}],"wp:term":[{"taxonomy":"product_cat","embeddable":true,"href":"https:\/\/irankiuzona.lt\/ru\/wp-json\/wp\/v2\/product_cat?post=401649"},{"taxonomy":"product_tag","embeddable":true,"href":"https:\/\/irankiuzona.lt\/ru\/wp-json\/wp\/v2\/product_tag?post=401649"}],"curies":[{"name":"wp","href":"https:\/\/api.w.org\/{rel}","templated":true}]}}