{"id":401651,"date":"2025-05-12T15:47:38","date_gmt":"2025-05-12T15:47:38","guid":{"rendered":"https:\/\/irankiuzona.lt\/product\/sepetys-plieninis-pintas-m14-125mm-2\/"},"modified":"2026-04-15T17:41:58","modified_gmt":"2026-04-15T17:41:58","slug":"sepetys-plieninis-pintas-m14-125mm-2","status":"publish","type":"product","link":"https:\/\/irankiuzona.lt\/ru\/product\/sepetys-plieninis-pintas-m14-125mm-2\/","title":{"rendered":"\u0160epetys plieninis pintas M14 125mm"},"content":{"rendered":"<p>Prek\u0117s savyb\u0117smontuojamas ant M14 sriegio (standartinis kampinis \u0161lifuoklis)pagamintas i\u0161 auk\u0161tos kokyb\u0117s gr\u016bdinto plieno vielosplieninis korpusasmaksimalus greitis 8500 aps.\/minSvoris: 0,38kg<\/p>","protected":false},"excerpt":{"rendered":"<p>\u0160epetys plieninis pintas M14 125mm<\/p>","protected":false},"featured_media":248820,"comment_status":"open","ping_status":"open","template":"","meta":[],"product_cat":[9450],"product_tag":[9810],"class_list":{"0":"post-401651","1":"product","2":"type-product","3":"status-publish","4":"has-post-thumbnail","6":"product_brand-geko-lenkija","7":"product_cat-sepeciai-greztuvui-slif-pj-irankiui","8":"product_tag-geko-lenkija","10":"first","11":"instock","12":"purchasable","13":"product-type-simple"},"jetpack_sharing_enabled":true,"_links":{"self":[{"href":"https:\/\/irankiuzona.lt\/ru\/wp-json\/wp\/v2\/product\/401651","targetHints":{"allow":["GET"]}}],"collection":[{"href":"https:\/\/irankiuzona.lt\/ru\/wp-json\/wp\/v2\/product"}],"about":[{"href":"https:\/\/irankiuzona.lt\/ru\/wp-json\/wp\/v2\/types\/product"}],"replies":[{"embeddable":true,"href":"https:\/\/irankiuzona.lt\/ru\/wp-json\/wp\/v2\/comments?post=401651"}],"version-history":[{"count":1,"href":"https:\/\/irankiuzona.lt\/ru\/wp-json\/wp\/v2\/product\/401651\/revisions"}],"predecessor-version":[{"id":418291,"href":"https:\/\/irankiuzona.lt\/ru\/wp-json\/wp\/v2\/product\/401651\/revisions\/418291"}],"wp:featuredmedia":[{"embeddable":true,"href":"https:\/\/irankiuzona.lt\/ru\/wp-json\/wp\/v2\/media\/248820"}],"wp:attachment":[{"href":"https:\/\/irankiuzona.lt\/ru\/wp-json\/wp\/v2\/media?parent=401651"}],"wp:term":[{"taxonomy":"product_cat","embeddable":true,"href":"https:\/\/irankiuzona.lt\/ru\/wp-json\/wp\/v2\/product_cat?post=401651"},{"taxonomy":"product_tag","embeddable":true,"href":"https:\/\/irankiuzona.lt\/ru\/wp-json\/wp\/v2\/product_tag?post=401651"}],"curies":[{"name":"wp","href":"https:\/\/api.w.org\/{rel}","templated":true}]}}