{"id":401653,"date":"2025-05-12T15:47:41","date_gmt":"2025-05-12T15:47:41","guid":{"rendered":"https:\/\/irankiuzona.lt\/product\/hidraulinis-10-tonu-nuemejas-2kojis-3kojis-2\/"},"modified":"2026-04-15T21:42:48","modified_gmt":"2026-04-15T21:42:48","slug":"hidraulinis-10-tonu-nuemejas-2kojis-3kojis-2","status":"publish","type":"product","link":"https:\/\/irankiuzona.lt\/ru\/product\/hidraulinis-10-tonu-nuemejas-2kojis-3kojis-2\/","title":{"rendered":"Hidraulinis 10 ton\u0173 nu\u0117m\u0117jas 2kojis\/3kojis"},"content":{"rendered":"<p>Prek\u0117s savyb\u0117straukimo j\u0117ga 10 Tatstumas tarp rank\u0173: 60 &#8211; 250 mmmaksimalus diapazonas &#8211; 160 mm2 rankos tvirtinimo pad\u0117tysSvoris: 10,35kg<\/p>","protected":false},"excerpt":{"rendered":"<p>Hidraulinis 10 ton\u0173 nu\u0117m\u0117jas 2kojis\/3kojis<\/p>","protected":false},"featured_media":248826,"comment_status":"open","ping_status":"open","template":"","meta":[],"product_cat":[10070],"product_tag":[9810],"class_list":{"0":"post-401653","1":"product","2":"type-product","3":"status-publish","4":"has-post-thumbnail","6":"product_brand-geko-lenkija","7":"product_cat-hidrauliniai-nuemejai","8":"product_tag-geko-lenkija","10":"first","11":"instock","12":"purchasable","13":"product-type-simple"},"jetpack_sharing_enabled":true,"_links":{"self":[{"href":"https:\/\/irankiuzona.lt\/ru\/wp-json\/wp\/v2\/product\/401653","targetHints":{"allow":["GET"]}}],"collection":[{"href":"https:\/\/irankiuzona.lt\/ru\/wp-json\/wp\/v2\/product"}],"about":[{"href":"https:\/\/irankiuzona.lt\/ru\/wp-json\/wp\/v2\/types\/product"}],"replies":[{"embeddable":true,"href":"https:\/\/irankiuzona.lt\/ru\/wp-json\/wp\/v2\/comments?post=401653"}],"version-history":[{"count":1,"href":"https:\/\/irankiuzona.lt\/ru\/wp-json\/wp\/v2\/product\/401653\/revisions"}],"predecessor-version":[{"id":418292,"href":"https:\/\/irankiuzona.lt\/ru\/wp-json\/wp\/v2\/product\/401653\/revisions\/418292"}],"wp:featuredmedia":[{"embeddable":true,"href":"https:\/\/irankiuzona.lt\/ru\/wp-json\/wp\/v2\/media\/248826"}],"wp:attachment":[{"href":"https:\/\/irankiuzona.lt\/ru\/wp-json\/wp\/v2\/media?parent=401653"}],"wp:term":[{"taxonomy":"product_cat","embeddable":true,"href":"https:\/\/irankiuzona.lt\/ru\/wp-json\/wp\/v2\/product_cat?post=401653"},{"taxonomy":"product_tag","embeddable":true,"href":"https:\/\/irankiuzona.lt\/ru\/wp-json\/wp\/v2\/product_tag?post=401653"}],"curies":[{"name":"wp","href":"https:\/\/api.w.org\/{rel}","templated":true}]}}