{"id":401657,"date":"2025-05-12T15:47:46","date_gmt":"2025-05-12T15:47:46","guid":{"rendered":"https:\/\/irankiuzona.lt\/product\/rankine-pompa-skysciams-4\/"},"modified":"2026-05-10T00:15:30","modified_gmt":"2026-05-10T00:15:30","slug":"rankine-pompa-skysciams-4","status":"publish","type":"product","link":"https:\/\/irankiuzona.lt\/ru\/product\/rankine-pompa-skysciams-4\/","title":{"rendered":"Rankin\u0117 pompa skys\u010diams"},"content":{"rendered":"<p>Prek\u0117s savyb\u0117s:maksimali talpa 10 litr\u0173 \/ minpagamintas i\u0161 PE polietilenoatsparus daugumai chemikal\u0173siurbimo vamzdis 9 cm ilgio statineiperpildymo \u017earnos ilgis &#8211; 135 cmSvoris:0,4kg<\/p>","protected":false},"excerpt":{"rendered":"<p>Rankin\u0117 pompa skys\u010diams<\/p>","protected":false},"featured_media":248832,"comment_status":"open","ping_status":"open","template":"","meta":[],"product_cat":[9571],"product_tag":[9810],"class_list":{"0":"post-401657","1":"product","2":"type-product","3":"status-publish","4":"has-post-thumbnail","6":"product_brand-geko-lenkija","7":"product_cat-pompos-alyvai-degalams-sifonai","8":"product_tag-geko-lenkija","10":"first","11":"instock","12":"purchasable","13":"product-type-simple"},"jetpack_sharing_enabled":true,"_links":{"self":[{"href":"https:\/\/irankiuzona.lt\/ru\/wp-json\/wp\/v2\/product\/401657","targetHints":{"allow":["GET"]}}],"collection":[{"href":"https:\/\/irankiuzona.lt\/ru\/wp-json\/wp\/v2\/product"}],"about":[{"href":"https:\/\/irankiuzona.lt\/ru\/wp-json\/wp\/v2\/types\/product"}],"replies":[{"embeddable":true,"href":"https:\/\/irankiuzona.lt\/ru\/wp-json\/wp\/v2\/comments?post=401657"}],"version-history":[{"count":1,"href":"https:\/\/irankiuzona.lt\/ru\/wp-json\/wp\/v2\/product\/401657\/revisions"}],"predecessor-version":[{"id":418294,"href":"https:\/\/irankiuzona.lt\/ru\/wp-json\/wp\/v2\/product\/401657\/revisions\/418294"}],"wp:featuredmedia":[{"embeddable":true,"href":"https:\/\/irankiuzona.lt\/ru\/wp-json\/wp\/v2\/media\/248832"}],"wp:attachment":[{"href":"https:\/\/irankiuzona.lt\/ru\/wp-json\/wp\/v2\/media?parent=401657"}],"wp:term":[{"taxonomy":"product_cat","embeddable":true,"href":"https:\/\/irankiuzona.lt\/ru\/wp-json\/wp\/v2\/product_cat?post=401657"},{"taxonomy":"product_tag","embeddable":true,"href":"https:\/\/irankiuzona.lt\/ru\/wp-json\/wp\/v2\/product_tag?post=401657"}],"curies":[{"name":"wp","href":"https:\/\/api.w.org\/{rel}","templated":true}]}}