{"id":401701,"date":"2025-05-12T15:48:31","date_gmt":"2025-05-12T15:48:31","guid":{"rendered":"https:\/\/irankiuzona.lt\/product\/reples-trosams-kabeliams-600mm-2\/"},"modified":"2026-05-15T07:18:49","modified_gmt":"2026-05-15T07:18:49","slug":"reples-trosams-kabeliams-600mm-2","status":"publish","type":"product","link":"https:\/\/irankiuzona.lt\/ru\/product\/reples-trosams-kabeliams-600mm-2\/","title":{"rendered":"Repl\u0117s trosams, kabeliams 600mm"},"content":{"rendered":"<p>Prek\u0117s savyb\u0117spjauti smulkius ir daugiagyslius C \/ Al kabeliussuapvalinti sukiet\u0117j\u0119 pjautuvo formos a\u0161menyssm\u016bgiams atsparus rankenos vamzdelisilgis 600 mmSvoris: 4,92kg<\/p>","protected":false},"excerpt":{"rendered":"<p>Repl\u0117s trosams, kabeliams 600mm<\/p>","protected":false},"featured_media":248898,"comment_status":"open","ping_status":"open","template":"","meta":[],"product_cat":[9475],"product_tag":[9810],"class_list":{"0":"post-401701","1":"product","2":"type-product","3":"status-publish","4":"has-post-thumbnail","6":"product_brand-geko-lenkija","7":"product_cat-reples-znyples-varztams","8":"product_tag-geko-lenkija","10":"first","11":"instock","12":"purchasable","13":"product-type-simple"},"jetpack_sharing_enabled":true,"_links":{"self":[{"href":"https:\/\/irankiuzona.lt\/ru\/wp-json\/wp\/v2\/product\/401701","targetHints":{"allow":["GET"]}}],"collection":[{"href":"https:\/\/irankiuzona.lt\/ru\/wp-json\/wp\/v2\/product"}],"about":[{"href":"https:\/\/irankiuzona.lt\/ru\/wp-json\/wp\/v2\/types\/product"}],"replies":[{"embeddable":true,"href":"https:\/\/irankiuzona.lt\/ru\/wp-json\/wp\/v2\/comments?post=401701"}],"version-history":[{"count":1,"href":"https:\/\/irankiuzona.lt\/ru\/wp-json\/wp\/v2\/product\/401701\/revisions"}],"predecessor-version":[{"id":418316,"href":"https:\/\/irankiuzona.lt\/ru\/wp-json\/wp\/v2\/product\/401701\/revisions\/418316"}],"wp:featuredmedia":[{"embeddable":true,"href":"https:\/\/irankiuzona.lt\/ru\/wp-json\/wp\/v2\/media\/248898"}],"wp:attachment":[{"href":"https:\/\/irankiuzona.lt\/ru\/wp-json\/wp\/v2\/media?parent=401701"}],"wp:term":[{"taxonomy":"product_cat","embeddable":true,"href":"https:\/\/irankiuzona.lt\/ru\/wp-json\/wp\/v2\/product_cat?post=401701"},{"taxonomy":"product_tag","embeddable":true,"href":"https:\/\/irankiuzona.lt\/ru\/wp-json\/wp\/v2\/product_tag?post=401701"}],"curies":[{"name":"wp","href":"https:\/\/api.w.org\/{rel}","templated":true}]}}