{"id":401715,"date":"2025-05-12T15:48:43","date_gmt":"2025-05-12T15:48:43","guid":{"rendered":"https:\/\/irankiuzona.lt\/product\/tepalo-surinkimo-bakas-80l-su-issiurbimu-ir-isleidimu-3\/"},"modified":"2026-04-21T18:38:45","modified_gmt":"2026-04-21T18:38:45","slug":"tepalo-surinkimo-bakas-80l-su-issiurbimu-ir-isleidimu-3","status":"publish","type":"product","link":"https:\/\/irankiuzona.lt\/ru\/product\/tepalo-surinkimo-bakas-80l-su-issiurbimu-ir-isleidimu-3\/","title":{"rendered":"TEPALO SURINKIMO BAKAS 80L SU I\u0160SIURBIMU IR I\u0160LEIDIMU"},"content":{"rendered":"<p>Produkto apra\u0161ymas<br \/>\nBako talpa 80l;Tepalo rinktuvo talpa 16l;Susl\u0117gto oro sunaudojimas 200L\/min;Darbinis sl\u0117gis 6-8bar;Alyvos i\u0161siurbimo sl\u0117gis 0.7~1Bar;Profesionalus 80 litr\u0173 talpos tepalo i\u0161leidimo ir siurbimo \u012ftaisas. Tvirtas apdirbimas ir tiksl\u016bs mechanizmai.Prietaisas turi ratus &#8211; du i\u0161 j\u0173 yra pasukami, kad b\u016bt\u0173 lengviau manevruoti.\u012erengtas 6 \u012fsiurbimo zondai (2 metaliniai, 4 lankst\u016bs).Savaiminio nutek\u0117jimo funkcija palengvina tepalo pa\u0161alinim\u0105 i\u0161 stiklin\u0117s.Svoris:20kg<\/p>","protected":false},"excerpt":{"rendered":"<p>TEPALO SURINKIMO BAKAS 80L SU I\u0160SIURBIMU IR I\u0160LEIDIMU<\/p>","protected":false},"featured_media":185756,"comment_status":"open","ping_status":"open","template":"","meta":[],"product_cat":[10031],"product_tag":[],"class_list":{"0":"post-401715","1":"product","2":"type-product","3":"status-publish","4":"has-post-thumbnail","6":"product_cat-tepalo-uzpildymo-surinkimo-iranga-talpos-tepalams","8":"first","9":"outofstock","10":"purchasable","11":"product-type-simple"},"jetpack_sharing_enabled":true,"_links":{"self":[{"href":"https:\/\/irankiuzona.lt\/ru\/wp-json\/wp\/v2\/product\/401715","targetHints":{"allow":["GET"]}}],"collection":[{"href":"https:\/\/irankiuzona.lt\/ru\/wp-json\/wp\/v2\/product"}],"about":[{"href":"https:\/\/irankiuzona.lt\/ru\/wp-json\/wp\/v2\/types\/product"}],"replies":[{"embeddable":true,"href":"https:\/\/irankiuzona.lt\/ru\/wp-json\/wp\/v2\/comments?post=401715"}],"version-history":[{"count":1,"href":"https:\/\/irankiuzona.lt\/ru\/wp-json\/wp\/v2\/product\/401715\/revisions"}],"predecessor-version":[{"id":418323,"href":"https:\/\/irankiuzona.lt\/ru\/wp-json\/wp\/v2\/product\/401715\/revisions\/418323"}],"wp:featuredmedia":[{"embeddable":true,"href":"https:\/\/irankiuzona.lt\/ru\/wp-json\/wp\/v2\/media\/185756"}],"wp:attachment":[{"href":"https:\/\/irankiuzona.lt\/ru\/wp-json\/wp\/v2\/media?parent=401715"}],"wp:term":[{"taxonomy":"product_cat","embeddable":true,"href":"https:\/\/irankiuzona.lt\/ru\/wp-json\/wp\/v2\/product_cat?post=401715"},{"taxonomy":"product_tag","embeddable":true,"href":"https:\/\/irankiuzona.lt\/ru\/wp-json\/wp\/v2\/product_tag?post=401715"}],"curies":[{"name":"wp","href":"https:\/\/api.w.org\/{rel}","templated":true}]}}