{"id":401717,"date":"2025-05-12T15:48:45","date_gmt":"2025-05-12T15:48:45","guid":{"rendered":"https:\/\/irankiuzona.lt\/product\/tepalo-surinkimo-bakas-70l-3\/"},"modified":"2026-04-15T10:34:36","modified_gmt":"2026-04-15T10:34:36","slug":"tepalo-surinkimo-bakas-70l-3","status":"publish","type":"product","link":"https:\/\/irankiuzona.lt\/ru\/product\/tepalo-surinkimo-bakas-70l-3\/","title":{"rendered":"TEPALO SURINKIMO BAKAS 70L"},"content":{"rendered":"<p>Bako talpa 70l;Darbinis sl\u0117gis 6-8barProfesionalus 70 litr\u0173 talpos tepalo i\u0161leidimo \u012ftaisas. Tvirtas apdirbimas ir tiksl\u016bs mechanizmai.Prietaisas turi ratus &#8211; du i\u0161 j\u0173 yra pasukami, kad b\u016bt\u0173 lengviau manevruoti.Svoris:19kg<\/p>","protected":false},"excerpt":{"rendered":"<p>TEPALO SURINKIMO BAKAS 70L<\/p>","protected":false},"featured_media":185758,"comment_status":"open","ping_status":"open","template":"","meta":[],"product_cat":[10031],"product_tag":[9810],"class_list":{"0":"post-401717","1":"product","2":"type-product","3":"status-publish","4":"has-post-thumbnail","6":"product_brand-geko-lenkija","7":"product_cat-tepalo-uzpildymo-surinkimo-iranga-talpos-tepalams","8":"product_tag-geko-lenkija","10":"first","11":"outofstock","12":"purchasable","13":"product-type-simple"},"jetpack_sharing_enabled":true,"_links":{"self":[{"href":"https:\/\/irankiuzona.lt\/ru\/wp-json\/wp\/v2\/product\/401717","targetHints":{"allow":["GET"]}}],"collection":[{"href":"https:\/\/irankiuzona.lt\/ru\/wp-json\/wp\/v2\/product"}],"about":[{"href":"https:\/\/irankiuzona.lt\/ru\/wp-json\/wp\/v2\/types\/product"}],"replies":[{"embeddable":true,"href":"https:\/\/irankiuzona.lt\/ru\/wp-json\/wp\/v2\/comments?post=401717"}],"version-history":[{"count":1,"href":"https:\/\/irankiuzona.lt\/ru\/wp-json\/wp\/v2\/product\/401717\/revisions"}],"predecessor-version":[{"id":418324,"href":"https:\/\/irankiuzona.lt\/ru\/wp-json\/wp\/v2\/product\/401717\/revisions\/418324"}],"wp:featuredmedia":[{"embeddable":true,"href":"https:\/\/irankiuzona.lt\/ru\/wp-json\/wp\/v2\/media\/185758"}],"wp:attachment":[{"href":"https:\/\/irankiuzona.lt\/ru\/wp-json\/wp\/v2\/media?parent=401717"}],"wp:term":[{"taxonomy":"product_cat","embeddable":true,"href":"https:\/\/irankiuzona.lt\/ru\/wp-json\/wp\/v2\/product_cat?post=401717"},{"taxonomy":"product_tag","embeddable":true,"href":"https:\/\/irankiuzona.lt\/ru\/wp-json\/wp\/v2\/product_tag?post=401717"}],"curies":[{"name":"wp","href":"https:\/\/api.w.org\/{rel}","templated":true}]}}