{"id":401743,"date":"2025-05-12T15:52:27","date_gmt":"2025-05-12T15:52:27","guid":{"rendered":"https:\/\/irankiuzona.lt\/product\/hidraulinis-domkratas-25t-80-360mm-2\/"},"modified":"2026-05-09T04:49:19","modified_gmt":"2026-05-09T04:49:19","slug":"hidraulinis-domkratas-25t-80-360mm-2","status":"publish","type":"product","link":"https:\/\/irankiuzona.lt\/ru\/product\/hidraulinis-domkratas-25t-80-360mm-2\/","title":{"rendered":"Hidraulinis domkratas 2,5T 80-360mm"},"content":{"rendered":"<p>Prek\u0117s savyb\u0117smaksimali keliamoji galia &#8211; 2500 kgk\u0117limo auk\u0161tis: 80 &#8211; 360 mm\u017eemo profilio konstrukcijamasyv\u016bs priekiniai ratai ir pasukami, rutuliniai guoliai \u00a0\u00a0 \u00a0Komplekto turinys2,5 tonos \u017eemo profilio k\u0117limas500 mm ilgio k\u0117limo rankenaguminis pad\u0117kliukas domkratuiSvoris:11,4kg<\/p>","protected":false},"excerpt":{"rendered":"<p>Hidraulinis domkratas 2,5T 80-360mm<\/p>","protected":false},"featured_media":249409,"comment_status":"open","ping_status":"open","template":"","meta":[],"product_cat":[9959],"product_tag":[9810],"class_list":{"0":"post-401743","1":"product","2":"type-product","3":"status-publish","4":"has-post-thumbnail","6":"product_brand-geko-lenkija","7":"product_cat-domkratai-hidrauliniai","8":"product_tag-geko-lenkija","10":"first","11":"outofstock","12":"purchasable","13":"product-type-simple"},"jetpack_sharing_enabled":true,"_links":{"self":[{"href":"https:\/\/irankiuzona.lt\/ru\/wp-json\/wp\/v2\/product\/401743","targetHints":{"allow":["GET"]}}],"collection":[{"href":"https:\/\/irankiuzona.lt\/ru\/wp-json\/wp\/v2\/product"}],"about":[{"href":"https:\/\/irankiuzona.lt\/ru\/wp-json\/wp\/v2\/types\/product"}],"replies":[{"embeddable":true,"href":"https:\/\/irankiuzona.lt\/ru\/wp-json\/wp\/v2\/comments?post=401743"}],"version-history":[{"count":1,"href":"https:\/\/irankiuzona.lt\/ru\/wp-json\/wp\/v2\/product\/401743\/revisions"}],"predecessor-version":[{"id":418474,"href":"https:\/\/irankiuzona.lt\/ru\/wp-json\/wp\/v2\/product\/401743\/revisions\/418474"}],"wp:featuredmedia":[{"embeddable":true,"href":"https:\/\/irankiuzona.lt\/ru\/wp-json\/wp\/v2\/media\/249409"}],"wp:attachment":[{"href":"https:\/\/irankiuzona.lt\/ru\/wp-json\/wp\/v2\/media?parent=401743"}],"wp:term":[{"taxonomy":"product_cat","embeddable":true,"href":"https:\/\/irankiuzona.lt\/ru\/wp-json\/wp\/v2\/product_cat?post=401743"},{"taxonomy":"product_tag","embeddable":true,"href":"https:\/\/irankiuzona.lt\/ru\/wp-json\/wp\/v2\/product_tag?post=401743"}],"curies":[{"name":"wp","href":"https:\/\/api.w.org\/{rel}","templated":true}]}}