{"id":401747,"date":"2025-05-12T15:54:42","date_gmt":"2025-05-12T15:54:42","guid":{"rendered":"https:\/\/irankiuzona.lt\/product\/vamzdziu-presavimo-irankis-16-32mm-2\/"},"modified":"2026-05-09T05:47:54","modified_gmt":"2026-05-09T05:47:54","slug":"vamzdziu-presavimo-irankis-16-32mm-2","status":"publish","type":"product","link":"https:\/\/irankiuzona.lt\/ru\/product\/vamzdziu-presavimo-irankis-16-32mm-2\/","title":{"rendered":"Vamzd\u017ei\u0173 presavimo \u012frankis 16-32mm"},"content":{"rendered":"<p>Prek\u0117s savyb\u0117s:<\/p>\n<p>Presavimo \u012frankio sukurta j\u0117ga yra iki 6 ton\u0173<br \/>\nPasukama 360 \u00b0 kampu ir pusiau atsidaranti presavimo \u012frankio galvut\u0117<br \/>\nKaltiniai \u017eandikauliai tiksliai spaud\u017eia<br \/>\nTeleskopin\u0117s rankenos<\/p>\n<p>Techniniai duomenys:<\/p>\n<p>Vamzd\u017eio skersmens diapazonas: 16 &#8211; 32 mm<br \/>\nLiejimo specifikacija: 16, 20, 25, 32 mm<br \/>\nPresavimo j\u0117ga: 60 kN<br \/>\nIlgis: 365 &#8211; 575 mm<\/p>","protected":false},"excerpt":{"rendered":"<p>Mechaniniai PEX vamzd\u017ei\u0173 u\u017espaudimo \u012frankiai naudojami aliuminio ir plastiko vamzd\u017eiams, PEX vamzd\u017eiams, PB vamzd\u017eiams ir vamzd\u017eiams, kurie turi b\u016bti sujungti variniais vamzd\u017eiais ir jungtimis, taip pat ner\u016bdijan\u010dio plieno \u012fvor\u0117s, vario \u012fvor\u0117s, aliuminio \u012fvor\u0117s ir kt.<\/p>","protected":false},"featured_media":249744,"comment_status":"open","ping_status":"open","template":"","meta":[],"product_cat":[10078],"product_tag":[9810],"class_list":{"0":"post-401747","1":"product","2":"type-product","3":"status-publish","4":"has-post-thumbnail","6":"product_brand-geko-lenkija","7":"product_cat-irankiai-sujungimam","8":"product_tag-geko-lenkija","10":"first","11":"instock","12":"purchasable","13":"product-type-simple"},"jetpack_sharing_enabled":true,"_links":{"self":[{"href":"https:\/\/irankiuzona.lt\/ru\/wp-json\/wp\/v2\/product\/401747","targetHints":{"allow":["GET"]}}],"collection":[{"href":"https:\/\/irankiuzona.lt\/ru\/wp-json\/wp\/v2\/product"}],"about":[{"href":"https:\/\/irankiuzona.lt\/ru\/wp-json\/wp\/v2\/types\/product"}],"replies":[{"embeddable":true,"href":"https:\/\/irankiuzona.lt\/ru\/wp-json\/wp\/v2\/comments?post=401747"}],"version-history":[{"count":1,"href":"https:\/\/irankiuzona.lt\/ru\/wp-json\/wp\/v2\/product\/401747\/revisions"}],"predecessor-version":[{"id":418580,"href":"https:\/\/irankiuzona.lt\/ru\/wp-json\/wp\/v2\/product\/401747\/revisions\/418580"}],"wp:featuredmedia":[{"embeddable":true,"href":"https:\/\/irankiuzona.lt\/ru\/wp-json\/wp\/v2\/media\/249744"}],"wp:attachment":[{"href":"https:\/\/irankiuzona.lt\/ru\/wp-json\/wp\/v2\/media?parent=401747"}],"wp:term":[{"taxonomy":"product_cat","embeddable":true,"href":"https:\/\/irankiuzona.lt\/ru\/wp-json\/wp\/v2\/product_cat?post=401747"},{"taxonomy":"product_tag","embeddable":true,"href":"https:\/\/irankiuzona.lt\/ru\/wp-json\/wp\/v2\/product_tag?post=401747"}],"curies":[{"name":"wp","href":"https:\/\/api.w.org\/{rel}","templated":true}]}}