{"id":401753,"date":"2025-05-12T15:54:47","date_gmt":"2025-05-12T15:54:47","guid":{"rendered":"https:\/\/irankiuzona.lt\/product\/elektrinis-siurblys-kurui-alyvai-550w-230v-2\/"},"modified":"2026-05-13T20:13:26","modified_gmt":"2026-05-13T20:13:26","slug":"elektrinis-siurblys-kurui-alyvai-550w-230v-2","status":"publish","type":"product","link":"https:\/\/irankiuzona.lt\/ru\/product\/elektrinis-siurblys-kurui-alyvai-550w-230v-2\/","title":{"rendered":"Elektrinis siurblys kurui, alyvai 550W 230V"},"content":{"rendered":"<p>Siurblys varikliui ir mazutui 550W 230V \/ 50Hz.<br \/>\nDyzelino, variklio ir mazuto pavir\u0161iaus siurblys.550 W variklis u\u017etikrina maksimal\u0173 30 litr\u0173 per minut\u0119 sraut\u0105.Variklis naudoja varin\u0119 apvij\u0105, kuri ilgina jo tarnavimo laik\u0105.Ketaus siurblio korpusas nuo korozijos apsaugotas specialia danga.Efektyvus u\u017eter\u0161imo pa\u0161alinimas d\u0117l \u012fmontuoto 100 mikron\u0173 filtro.<br \/>\nSavyb\u0117s:<\/p>\n<p>550W variklis su varine apvija<br \/>\nmaksimalus srautas 30 l \/ min<br \/>\nrotacinis ment\u0117s siurblys<br \/>\npridedami priedai<\/p>\n<p>Pakuot\u0117s turinys: <\/p>\n<p>550W siurblys<br \/>\n2 variniai antgaliai<br \/>\n2 spaustukai<br \/>\n2 plombos<br \/>\nvo\u017etuvas<br \/>\nvartotojo vadovas<\/p>","protected":false},"excerpt":{"rendered":"<p>Elektrinis siurblys kurui, alyvai 550W 230V<\/p>","protected":false},"featured_media":249753,"comment_status":"open","ping_status":"open","template":"","meta":[],"product_cat":[9571],"product_tag":[9810],"class_list":{"0":"post-401753","1":"product","2":"type-product","3":"status-publish","4":"has-post-thumbnail","6":"product_brand-geko-lenkija","7":"product_cat-pompos-alyvai-degalams-sifonai","8":"product_tag-geko-lenkija","10":"first","11":"outofstock","12":"purchasable","13":"product-type-simple"},"jetpack_sharing_enabled":true,"_links":{"self":[{"href":"https:\/\/irankiuzona.lt\/ru\/wp-json\/wp\/v2\/product\/401753","targetHints":{"allow":["GET"]}}],"collection":[{"href":"https:\/\/irankiuzona.lt\/ru\/wp-json\/wp\/v2\/product"}],"about":[{"href":"https:\/\/irankiuzona.lt\/ru\/wp-json\/wp\/v2\/types\/product"}],"replies":[{"embeddable":true,"href":"https:\/\/irankiuzona.lt\/ru\/wp-json\/wp\/v2\/comments?post=401753"}],"version-history":[{"count":1,"href":"https:\/\/irankiuzona.lt\/ru\/wp-json\/wp\/v2\/product\/401753\/revisions"}],"predecessor-version":[{"id":418583,"href":"https:\/\/irankiuzona.lt\/ru\/wp-json\/wp\/v2\/product\/401753\/revisions\/418583"}],"wp:featuredmedia":[{"embeddable":true,"href":"https:\/\/irankiuzona.lt\/ru\/wp-json\/wp\/v2\/media\/249753"}],"wp:attachment":[{"href":"https:\/\/irankiuzona.lt\/ru\/wp-json\/wp\/v2\/media?parent=401753"}],"wp:term":[{"taxonomy":"product_cat","embeddable":true,"href":"https:\/\/irankiuzona.lt\/ru\/wp-json\/wp\/v2\/product_cat?post=401753"},{"taxonomy":"product_tag","embeddable":true,"href":"https:\/\/irankiuzona.lt\/ru\/wp-json\/wp\/v2\/product_tag?post=401753"}],"curies":[{"name":"wp","href":"https:\/\/api.w.org\/{rel}","templated":true}]}}