{"id":401755,"date":"2025-05-12T15:54:49","date_gmt":"2025-05-12T15:54:49","guid":{"rendered":"https:\/\/irankiuzona.lt\/product\/rankine-pompa-kurui-10mm-2\/"},"modified":"2026-05-13T22:52:54","modified_gmt":"2026-05-13T22:52:54","slug":"rankine-pompa-kurui-10mm-2","status":"publish","type":"product","link":"https:\/\/irankiuzona.lt\/ru\/product\/rankine-pompa-kurui-10mm-2\/","title":{"rendered":"Rankin\u0117 pompa kurui 10mm"},"content":{"rendered":"<p>Siurblys turi daugyb\u0119 universali\u0173 pritaikym\u0173,pradedant pagalba u\u017evedant dyzelinius varikliusReljefin\u0117s rodykl\u0117s rodo kuro tek\u0117jimo krypt\u012f.10 mm jungtys Svoris:0,09kg\u00a0\u00a0\u00a0<\/p>","protected":false},"excerpt":{"rendered":"<p>Rankin\u0117 pompa kurui 10mm<\/p>","protected":false},"featured_media":249756,"comment_status":"open","ping_status":"open","template":"","meta":[],"product_cat":[9571],"product_tag":[9810],"class_list":{"0":"post-401755","1":"product","2":"type-product","3":"status-publish","4":"has-post-thumbnail","6":"product_brand-geko-lenkija","7":"product_cat-pompos-alyvai-degalams-sifonai","8":"product_tag-geko-lenkija","10":"first","11":"outofstock","12":"purchasable","13":"product-type-simple"},"jetpack_sharing_enabled":true,"_links":{"self":[{"href":"https:\/\/irankiuzona.lt\/ru\/wp-json\/wp\/v2\/product\/401755","targetHints":{"allow":["GET"]}}],"collection":[{"href":"https:\/\/irankiuzona.lt\/ru\/wp-json\/wp\/v2\/product"}],"about":[{"href":"https:\/\/irankiuzona.lt\/ru\/wp-json\/wp\/v2\/types\/product"}],"replies":[{"embeddable":true,"href":"https:\/\/irankiuzona.lt\/ru\/wp-json\/wp\/v2\/comments?post=401755"}],"version-history":[{"count":1,"href":"https:\/\/irankiuzona.lt\/ru\/wp-json\/wp\/v2\/product\/401755\/revisions"}],"predecessor-version":[{"id":418584,"href":"https:\/\/irankiuzona.lt\/ru\/wp-json\/wp\/v2\/product\/401755\/revisions\/418584"}],"wp:featuredmedia":[{"embeddable":true,"href":"https:\/\/irankiuzona.lt\/ru\/wp-json\/wp\/v2\/media\/249756"}],"wp:attachment":[{"href":"https:\/\/irankiuzona.lt\/ru\/wp-json\/wp\/v2\/media?parent=401755"}],"wp:term":[{"taxonomy":"product_cat","embeddable":true,"href":"https:\/\/irankiuzona.lt\/ru\/wp-json\/wp\/v2\/product_cat?post=401755"},{"taxonomy":"product_tag","embeddable":true,"href":"https:\/\/irankiuzona.lt\/ru\/wp-json\/wp\/v2\/product_tag?post=401755"}],"curies":[{"name":"wp","href":"https:\/\/api.w.org\/{rel}","templated":true}]}}