{"id":401771,"date":"2025-05-12T15:55:11","date_gmt":"2025-05-12T15:55:11","guid":{"rendered":"https:\/\/irankiuzona.lt\/product\/kniediklis-pneumatinis-2-4-6-4mm-2\/"},"modified":"2026-04-15T19:04:43","modified_gmt":"2026-04-15T19:04:43","slug":"kniediklis-pneumatinis-2-4-6-4mm-2","status":"publish","type":"product","link":"https:\/\/irankiuzona.lt\/ru\/product\/kniediklis-pneumatinis-2-4-6-4mm-2\/","title":{"rendered":"Kniediklis pneumatinis 2.4-6.4mm"},"content":{"rendered":"<p>Techniniai duomenys:<\/p>\n<p>Darbinis sl\u0117gis: 5-7 barai<br \/>\nOro \u012fleidimo anga: 1\/4 &quot;<br \/>\n\u017darnos skersmuo: 3\/8 &quot;<br \/>\nKnied\u017ei\u0173 dyd\u017eiai: 2,4 (3\/32 \u201d), 3,2 (1\/8\u201d), 4,0 (5\/32 \u201d), 4,8 (3\/16\u201d), 6,4 mm (1\/4 \u201d)<\/p>","protected":false},"excerpt":{"rendered":"<p>Pneumatinis kniediklis su automatine siurbimo funkcija. Tinka knied\u0117ms, kuri\u0173 dydis yra nuo 2,4 iki 6,4 m<\/p>","protected":false},"featured_media":249791,"comment_status":"open","ping_status":"open","template":"","meta":[],"product_cat":[9914],"product_tag":[9810],"class_list":{"0":"post-401771","1":"product","2":"type-product","3":"status-publish","4":"has-post-thumbnail","6":"product_brand-geko-lenkija","7":"product_cat-pneumatiniai-kabiamusiai-viniakales-kniedikliai","8":"product_tag-geko-lenkija","10":"first","11":"instock","12":"purchasable","13":"product-type-simple"},"jetpack_sharing_enabled":true,"_links":{"self":[{"href":"https:\/\/irankiuzona.lt\/ru\/wp-json\/wp\/v2\/product\/401771","targetHints":{"allow":["GET"]}}],"collection":[{"href":"https:\/\/irankiuzona.lt\/ru\/wp-json\/wp\/v2\/product"}],"about":[{"href":"https:\/\/irankiuzona.lt\/ru\/wp-json\/wp\/v2\/types\/product"}],"replies":[{"embeddable":true,"href":"https:\/\/irankiuzona.lt\/ru\/wp-json\/wp\/v2\/comments?post=401771"}],"version-history":[{"count":1,"href":"https:\/\/irankiuzona.lt\/ru\/wp-json\/wp\/v2\/product\/401771\/revisions"}],"predecessor-version":[{"id":418595,"href":"https:\/\/irankiuzona.lt\/ru\/wp-json\/wp\/v2\/product\/401771\/revisions\/418595"}],"wp:featuredmedia":[{"embeddable":true,"href":"https:\/\/irankiuzona.lt\/ru\/wp-json\/wp\/v2\/media\/249791"}],"wp:attachment":[{"href":"https:\/\/irankiuzona.lt\/ru\/wp-json\/wp\/v2\/media?parent=401771"}],"wp:term":[{"taxonomy":"product_cat","embeddable":true,"href":"https:\/\/irankiuzona.lt\/ru\/wp-json\/wp\/v2\/product_cat?post=401771"},{"taxonomy":"product_tag","embeddable":true,"href":"https:\/\/irankiuzona.lt\/ru\/wp-json\/wp\/v2\/product_tag?post=401771"}],"curies":[{"name":"wp","href":"https:\/\/api.w.org\/{rel}","templated":true}]}}