{"id":401775,"date":"2025-05-12T15:55:16","date_gmt":"2025-05-12T15:55:16","guid":{"rendered":"https:\/\/irankiuzona.lt\/product\/jungciu-komplektas-5-vnt-2\/"},"modified":"2026-04-15T01:28:37","modified_gmt":"2026-04-15T01:28:37","slug":"jungciu-komplektas-5-vnt-2","status":"publish","type":"product","link":"https:\/\/irankiuzona.lt\/ru\/product\/jungciu-komplektas-5-vnt-2\/","title":{"rendered":"Jung\u010di\u0173 komplektas  5 vnt"},"content":{"rendered":"<p>Maksimalus darbinis sl\u0117gis &#8211; 16 bar\u0173.Temperat\u016bros diapazonas &#8211; nuo -20 &#8211; C iki +100 &#8211; CSvoris:0,09kg<\/p>","protected":false},"excerpt":{"rendered":"<p>Jung\u010di\u0173 komplektas\u00a0 5 vnt<\/p>","protected":false},"featured_media":249797,"comment_status":"open","ping_status":"open","template":"","meta":[],"product_cat":[9469],"product_tag":[9810],"class_list":{"0":"post-401775","1":"product","2":"type-product","3":"status-publish","4":"has-post-thumbnail","6":"product_brand-geko-lenkija","7":"product_cat-pneumatines-jungtys","8":"product_tag-geko-lenkija","10":"first","11":"instock","12":"purchasable","13":"product-type-simple"},"jetpack_sharing_enabled":true,"_links":{"self":[{"href":"https:\/\/irankiuzona.lt\/ru\/wp-json\/wp\/v2\/product\/401775","targetHints":{"allow":["GET"]}}],"collection":[{"href":"https:\/\/irankiuzona.lt\/ru\/wp-json\/wp\/v2\/product"}],"about":[{"href":"https:\/\/irankiuzona.lt\/ru\/wp-json\/wp\/v2\/types\/product"}],"replies":[{"embeddable":true,"href":"https:\/\/irankiuzona.lt\/ru\/wp-json\/wp\/v2\/comments?post=401775"}],"version-history":[{"count":1,"href":"https:\/\/irankiuzona.lt\/ru\/wp-json\/wp\/v2\/product\/401775\/revisions"}],"predecessor-version":[{"id":418597,"href":"https:\/\/irankiuzona.lt\/ru\/wp-json\/wp\/v2\/product\/401775\/revisions\/418597"}],"wp:featuredmedia":[{"embeddable":true,"href":"https:\/\/irankiuzona.lt\/ru\/wp-json\/wp\/v2\/media\/249797"}],"wp:attachment":[{"href":"https:\/\/irankiuzona.lt\/ru\/wp-json\/wp\/v2\/media?parent=401775"}],"wp:term":[{"taxonomy":"product_cat","embeddable":true,"href":"https:\/\/irankiuzona.lt\/ru\/wp-json\/wp\/v2\/product_cat?post=401775"},{"taxonomy":"product_tag","embeddable":true,"href":"https:\/\/irankiuzona.lt\/ru\/wp-json\/wp\/v2\/product_tag?post=401775"}],"curies":[{"name":"wp","href":"https:\/\/api.w.org\/{rel}","templated":true}]}}