{"id":401777,"date":"2025-05-12T15:55:19","date_gmt":"2025-05-12T15:55:19","guid":{"rendered":"https:\/\/irankiuzona.lt\/product\/znyples-kabeliui-160mm-2\/"},"modified":"2026-04-14T21:21:48","modified_gmt":"2026-04-14T21:21:48","slug":"znyples-kabeliui-160mm-2","status":"publish","type":"product","link":"https:\/\/irankiuzona.lt\/ru\/product\/znyples-kabeliui-160mm-2\/","title":{"rendered":"\u017dnypl\u0117s kabeliui 160mm"},"content":{"rendered":"<p>Prek\u0117s savyb\u0117smaksimalus pjovimo skersmuo: 9 mmvario ir aliuminio laidams ir kabeliams pjautinenaudokite plienin\u0117ms ir \u0161arvuotoms virv\u0117mskont\u016brin\u0117s plastikin\u0117s rankenos\u017eirkli\u0173 ilgis: 160 mmSvoris:0,21kg<\/p>","protected":false},"excerpt":{"rendered":"<p>\u017dnypl\u0117s kabeliui 160mm<\/p>","protected":false},"featured_media":249800,"comment_status":"open","ping_status":"open","template":"","meta":[],"product_cat":[9661],"product_tag":[9810],"class_list":{"0":"post-401777","1":"product","2":"type-product","3":"status-publish","4":"has-post-thumbnail","6":"product_brand-geko-lenkija","7":"product_cat-reples-soninio-kandimo-znyples-trosui","8":"product_tag-geko-lenkija","10":"first","11":"instock","12":"purchasable","13":"product-type-simple"},"jetpack_sharing_enabled":true,"_links":{"self":[{"href":"https:\/\/irankiuzona.lt\/ru\/wp-json\/wp\/v2\/product\/401777","targetHints":{"allow":["GET"]}}],"collection":[{"href":"https:\/\/irankiuzona.lt\/ru\/wp-json\/wp\/v2\/product"}],"about":[{"href":"https:\/\/irankiuzona.lt\/ru\/wp-json\/wp\/v2\/types\/product"}],"replies":[{"embeddable":true,"href":"https:\/\/irankiuzona.lt\/ru\/wp-json\/wp\/v2\/comments?post=401777"}],"version-history":[{"count":1,"href":"https:\/\/irankiuzona.lt\/ru\/wp-json\/wp\/v2\/product\/401777\/revisions"}],"predecessor-version":[{"id":418598,"href":"https:\/\/irankiuzona.lt\/ru\/wp-json\/wp\/v2\/product\/401777\/revisions\/418598"}],"wp:featuredmedia":[{"embeddable":true,"href":"https:\/\/irankiuzona.lt\/ru\/wp-json\/wp\/v2\/media\/249800"}],"wp:attachment":[{"href":"https:\/\/irankiuzona.lt\/ru\/wp-json\/wp\/v2\/media?parent=401777"}],"wp:term":[{"taxonomy":"product_cat","embeddable":true,"href":"https:\/\/irankiuzona.lt\/ru\/wp-json\/wp\/v2\/product_cat?post=401777"},{"taxonomy":"product_tag","embeddable":true,"href":"https:\/\/irankiuzona.lt\/ru\/wp-json\/wp\/v2\/product_tag?post=401777"}],"curies":[{"name":"wp","href":"https:\/\/api.w.org\/{rel}","templated":true}]}}