{"id":401783,"date":"2025-05-12T15:55:26","date_gmt":"2025-05-12T15:55:26","guid":{"rendered":"https:\/\/irankiuzona.lt\/product\/tentas-10x15m-2\/"},"modified":"2026-04-12T10:51:18","modified_gmt":"2026-04-12T10:51:18","slug":"tentas-10x15m-2","status":"publish","type":"product","link":"https:\/\/irankiuzona.lt\/ru\/product\/tentas-10x15m-2\/","title":{"rendered":"Tentas 10x15m"},"content":{"rendered":"<p>Prek\u0117s savyb\u0117sneper\u0161lampamaslengvai plaunamaspaprasta naudoti\u012frengtos aliuminio tvirtinimo angos kas 1 mSvoris:6kg<\/p>","protected":false},"excerpt":{"rendered":"<p>Tentas 10x15m<\/p>","protected":false},"featured_media":249809,"comment_status":"open","ping_status":"open","template":"","meta":[],"product_cat":[9448],"product_tag":[9810],"class_list":{"0":"post-401783","1":"product","2":"type-product","3":"status-publish","4":"has-post-thumbnail","6":"product_brand-geko-lenkija","7":"product_cat-tentai","8":"product_tag-geko-lenkija","10":"first","11":"outofstock","12":"purchasable","13":"product-type-simple"},"jetpack_sharing_enabled":true,"_links":{"self":[{"href":"https:\/\/irankiuzona.lt\/ru\/wp-json\/wp\/v2\/product\/401783","targetHints":{"allow":["GET"]}}],"collection":[{"href":"https:\/\/irankiuzona.lt\/ru\/wp-json\/wp\/v2\/product"}],"about":[{"href":"https:\/\/irankiuzona.lt\/ru\/wp-json\/wp\/v2\/types\/product"}],"replies":[{"embeddable":true,"href":"https:\/\/irankiuzona.lt\/ru\/wp-json\/wp\/v2\/comments?post=401783"}],"version-history":[{"count":1,"href":"https:\/\/irankiuzona.lt\/ru\/wp-json\/wp\/v2\/product\/401783\/revisions"}],"predecessor-version":[{"id":418601,"href":"https:\/\/irankiuzona.lt\/ru\/wp-json\/wp\/v2\/product\/401783\/revisions\/418601"}],"wp:featuredmedia":[{"embeddable":true,"href":"https:\/\/irankiuzona.lt\/ru\/wp-json\/wp\/v2\/media\/249809"}],"wp:attachment":[{"href":"https:\/\/irankiuzona.lt\/ru\/wp-json\/wp\/v2\/media?parent=401783"}],"wp:term":[{"taxonomy":"product_cat","embeddable":true,"href":"https:\/\/irankiuzona.lt\/ru\/wp-json\/wp\/v2\/product_cat?post=401783"},{"taxonomy":"product_tag","embeddable":true,"href":"https:\/\/irankiuzona.lt\/ru\/wp-json\/wp\/v2\/product_tag?post=401783"}],"curies":[{"name":"wp","href":"https:\/\/api.w.org\/{rel}","templated":true}]}}